{"id":37,"date":"2021-02-11T22:23:02","date_gmt":"2021-02-11T22:23:02","guid":{"rendered":"https:\/\/youtour.ro\/?page_id=37"},"modified":"2024-01-31T11:15:20","modified_gmt":"2024-01-31T09:15:20","slug":"despre-noi","status":"publish","type":"page","link":"https:\/\/youtour.ro\/en\/despre-noi\/","title":{"rendered":"About Us"},"content":{"rendered":"<p class=\"has-text-align-center\"><strong>Who we are<\/strong><\/p>\n\n\n\n<p>We are a tourism company at the start of a journey, but we have solid experience in the domain of travel. Our goal is to offer, with care and professionalism, quality services to the clients who trust us, both for their personal holidays, but also for their business trips. And we don't treat this as a challenge, because we have a passion for travel, and every request is handled like we would plan our own vacation.<\/p>\n\n\n\n<p class=\"has-text-align-center\"><strong>Why choose YouTour<\/strong><\/p>\n\n\n\n<p>In the era of social media and travel apps, planning a journey seems to be very easy. But everything can be more simple and convenient with the help of a travel consultant. Apart from the negotiated rates, most of the time smaller than the ones found on the internet, the consultant comes in your support with useful \nand official information regarding the chosen destination, the chosen accommodation, the proper itinerary, and even regarding the activities which you can experience in your journey. No matter what you plan is, ask for a qoute from a travel consultant, because you could get a very good deal!<\/p>\n\n\n\n<figure class=\"wp-block-image size-large\"><img loading=\"lazy\" decoding=\"async\" width=\"719\" height=\"1024\" src=\"https:\/\/youtour.ro\/wp-content\/uploads\/2023\/02\/Licenta-organizatoare-719x1024.jpeg\" alt=\"\" class=\"wp-image-502\" srcset=\"https:\/\/youtour.ro\/wp-content\/uploads\/2023\/02\/Licenta-organizatoare-719x1024.jpeg 719w, https:\/\/youtour.ro\/wp-content\/uploads\/2023\/02\/Licenta-organizatoare-210x300.jpeg 210w, https:\/\/youtour.ro\/wp-content\/uploads\/2023\/02\/Licenta-organizatoare-768x1095.jpeg 768w, https:\/\/youtour.ro\/wp-content\/uploads\/2023\/02\/Licenta-organizatoare-1078x1536.jpeg 1078w, https:\/\/youtour.ro\/wp-content\/uploads\/2023\/02\/Licenta-organizatoare-8x12.jpeg 8w, https:\/\/youtour.ro\/wp-content\/uploads\/2023\/02\/Licenta-organizatoare.jpeg 1437w\" sizes=\"auto, (max-width: 719px) 100vw, 719px\" \/><\/figure>\n\n\n\n<figure class=\"wp-block-image size-large\"><img loading=\"lazy\" decoding=\"async\" width=\"1024\" height=\"788\" src=\"https:\/\/youtour.ro\/wp-content\/uploads\/2021\/02\/CUI-societate-1-1024x788.jpg\" alt=\"\" class=\"wp-image-182\" srcset=\"https:\/\/youtour.ro\/wp-content\/uploads\/2021\/02\/CUI-societate-1-1024x788.jpg 1024w, https:\/\/youtour.ro\/wp-content\/uploads\/2021\/02\/CUI-societate-1-300x231.jpg 300w, https:\/\/youtour.ro\/wp-content\/uploads\/2021\/02\/CUI-societate-1-768x591.jpg 768w, https:\/\/youtour.ro\/wp-content\/uploads\/2021\/02\/CUI-societate-1-1536x1182.jpg 1536w, https:\/\/youtour.ro\/wp-content\/uploads\/2021\/02\/CUI-societate-1-2048x1577.jpg 2048w, https:\/\/youtour.ro\/wp-content\/uploads\/2021\/02\/CUI-societate-1-16x12.jpg 16w\" sizes=\"auto, (max-width: 1024px) 100vw, 1024px\" \/><\/figure>\n\n\n\n<figure class=\"wp-block-image size-large\"><img loading=\"lazy\" decoding=\"async\" width=\"724\" height=\"1024\" src=\"https:\/\/youtour.ro\/wp-content\/uploads\/2024\/01\/Asigurare-2024_page-0001-724x1024.jpg\" alt=\"\" class=\"wp-image-535\" srcset=\"https:\/\/youtour.ro\/wp-content\/uploads\/2024\/01\/Asigurare-2024_page-0001-724x1024.jpg 724w, https:\/\/youtour.ro\/wp-content\/uploads\/2024\/01\/Asigurare-2024_page-0001-212x300.jpg 212w, https:\/\/youtour.ro\/wp-content\/uploads\/2024\/01\/Asigurare-2024_page-0001-768x1087.jpg 768w, https:\/\/youtour.ro\/wp-content\/uploads\/2024\/01\/Asigurare-2024_page-0001-1085x1536.jpg 1085w, https:\/\/youtour.ro\/wp-content\/uploads\/2024\/01\/Asigurare-2024_page-0001-8x12.jpg 8w, https:\/\/youtour.ro\/wp-content\/uploads\/2024\/01\/Asigurare-2024_page-0001.jpg 1240w\" sizes=\"auto, (max-width: 724px) 100vw, 724px\" \/><\/figure>","protected":false},"excerpt":{"rendered":"<p>Cine suntem Suntem o companie de turism la \u00eenceput de drum, dar avem experien\u021b\u0103 solid\u0103 \u00een domeniul turismului. Misiunea nostr\u0103 este s\u0103 oferim, cu profesionalism, servicii de calitate clien\u021bilor care ne acord\u0103<a class=\"moretag\" href=\"https:\/\/youtour.ro\/en\/despre-noi\/\">Read More&#8230;<\/a><\/p>","protected":false},"author":1,"featured_media":0,"parent":0,"menu_order":0,"comment_status":"closed","ping_status":"closed","template":"page-sidebar.php","meta":{"footnotes":""},"class_list":["post-37","page","type-page","status-publish","hentry"],"yoast_head":"<!-- This site is optimized with the Yoast SEO plugin v24.9 - https:\/\/yoast.com\/wordpress\/plugins\/seo\/ -->\n<title>Despre noi - YouTour<\/title>\n<meta name=\"robots\" content=\"index, follow, max-snippet:-1, max-image-preview:large, max-video-preview:-1\" \/>\n<link rel=\"canonical\" href=\"https:\/\/youtour.ro\/en\/despre-noi\/\" \/>\n<meta property=\"og:locale\" content=\"en_GB\" \/>\n<meta property=\"og:type\" content=\"article\" \/>\n<meta property=\"og:title\" content=\"Despre noi - YouTour\" \/>\n<meta property=\"og:description\" content=\"Cine suntem Suntem o companie de turism la \u00eenceput de drum, dar avem experien\u021b\u0103 solid\u0103 \u00een domeniul turismului. Misiunea nostr\u0103 este s\u0103 oferim, cu profesionalism, servicii de calitate clien\u021bilor care ne acord\u0103Read More...\" \/>\n<meta property=\"og:url\" content=\"https:\/\/youtour.ro\/en\/despre-noi\/\" \/>\n<meta property=\"og:site_name\" content=\"YouTour\" \/>\n<meta property=\"article:publisher\" content=\"https:\/\/www.facebook.com\/youtour.ro\" \/>\n<meta property=\"article:modified_time\" content=\"2024-01-31T09:15:20+00:00\" \/>\n<meta property=\"og:image\" content=\"https:\/\/youtour.ro\/wp-content\/uploads\/2023\/02\/Licenta-organizatoare-719x1024.jpeg\" \/>\n<meta name=\"twitter:card\" content=\"summary_large_image\" \/>\n<meta name=\"twitter:label1\" content=\"Estimated reading time\" \/>\n\t<meta name=\"twitter:data1\" content=\"2 minutes\" \/>\n<script type=\"application\/ld+json\" class=\"yoast-schema-graph\">{\"@context\":\"https:\/\/schema.org\",\"@graph\":[{\"@type\":\"WebPage\",\"@id\":\"https:\/\/youtour.ro\/despre-noi\/\",\"url\":\"https:\/\/youtour.ro\/despre-noi\/\",\"name\":\"Despre noi - YouTour\",\"isPartOf\":{\"@id\":\"https:\/\/youtour.ro\/ro\/#website\"},\"primaryImageOfPage\":{\"@id\":\"https:\/\/youtour.ro\/despre-noi\/#primaryimage\"},\"image\":{\"@id\":\"https:\/\/youtour.ro\/despre-noi\/#primaryimage\"},\"thumbnailUrl\":\"https:\/\/youtour.ro\/wp-content\/uploads\/2023\/02\/Licenta-organizatoare-719x1024.jpeg\",\"datePublished\":\"2021-02-11T22:23:02+00:00\",\"dateModified\":\"2024-01-31T09:15:20+00:00\",\"breadcrumb\":{\"@id\":\"https:\/\/youtour.ro\/despre-noi\/#breadcrumb\"},\"inLanguage\":\"en-GB\",\"potentialAction\":[{\"@type\":\"ReadAction\",\"target\":[\"https:\/\/youtour.ro\/despre-noi\/\"]}]},{\"@type\":\"ImageObject\",\"inLanguage\":\"en-GB\",\"@id\":\"https:\/\/youtour.ro\/despre-noi\/#primaryimage\",\"url\":\"https:\/\/youtour.ro\/wp-content\/uploads\/2023\/02\/Licenta-organizatoare-719x1024.jpeg\",\"contentUrl\":\"https:\/\/youtour.ro\/wp-content\/uploads\/2023\/02\/Licenta-organizatoare-719x1024.jpeg\"},{\"@type\":\"BreadcrumbList\",\"@id\":\"https:\/\/youtour.ro\/despre-noi\/#breadcrumb\",\"itemListElement\":[{\"@type\":\"ListItem\",\"position\":1,\"name\":\"Prima pagin\u0103\",\"item\":\"https:\/\/youtour.ro\/ro\/\"},{\"@type\":\"ListItem\",\"position\":2,\"name\":\"Despre noi\"}]},{\"@type\":\"WebSite\",\"@id\":\"https:\/\/youtour.ro\/ro\/#website\",\"url\":\"https:\/\/youtour.ro\/ro\/\",\"name\":\"YouTour\",\"description\":\"Travel Company\",\"publisher\":{\"@id\":\"https:\/\/youtour.ro\/ro\/#organization\"},\"potentialAction\":[{\"@type\":\"SearchAction\",\"target\":{\"@type\":\"EntryPoint\",\"urlTemplate\":\"https:\/\/youtour.ro\/ro\/?s={search_term_string}\"},\"query-input\":{\"@type\":\"PropertyValueSpecification\",\"valueRequired\":true,\"valueName\":\"search_term_string\"}}],\"inLanguage\":\"en-GB\"},{\"@type\":\"Organization\",\"@id\":\"https:\/\/youtour.ro\/ro\/#organization\",\"name\":\"YouTour\",\"url\":\"https:\/\/youtour.ro\/ro\/\",\"logo\":{\"@type\":\"ImageObject\",\"inLanguage\":\"en-GB\",\"@id\":\"https:\/\/youtour.ro\/ro\/#\/schema\/logo\/image\/\",\"url\":\"https:\/\/youtour.ro\/wp-content\/uploads\/2021\/02\/making-memories.jpeg\",\"contentUrl\":\"https:\/\/youtour.ro\/wp-content\/uploads\/2021\/02\/making-memories.jpeg\",\"width\":1600,\"height\":1055,\"caption\":\"YouTour\"},\"image\":{\"@id\":\"https:\/\/youtour.ro\/ro\/#\/schema\/logo\/image\/\"},\"sameAs\":[\"https:\/\/www.facebook.com\/youtour.ro\",\"https:\/\/www.instagram.com\/youtour2\/\",\"https:\/\/www.youtube.com\/channel\/UCH5lYkKBP4cOG0vjHqA8tPw\"]}]}<\/script>\n<!-- \/ Yoast SEO plugin. -->","yoast_head_json":{"title":"Despre noi - YouTour","robots":{"index":"index","follow":"follow","max-snippet":"max-snippet:-1","max-image-preview":"max-image-preview:large","max-video-preview":"max-video-preview:-1"},"canonical":"https:\/\/youtour.ro\/en\/despre-noi\/","og_locale":"en_GB","og_type":"article","og_title":"Despre noi - YouTour","og_description":"Cine suntem Suntem o companie de turism la \u00eenceput de drum, dar avem experien\u021b\u0103 solid\u0103 \u00een domeniul turismului. Misiunea nostr\u0103 este s\u0103 oferim, cu profesionalism, servicii de calitate clien\u021bilor care ne acord\u0103Read More...","og_url":"https:\/\/youtour.ro\/en\/despre-noi\/","og_site_name":"YouTour","article_publisher":"https:\/\/www.facebook.com\/youtour.ro","article_modified_time":"2024-01-31T09:15:20+00:00","og_image":[{"url":"https:\/\/youtour.ro\/wp-content\/uploads\/2023\/02\/Licenta-organizatoare-719x1024.jpeg","type":"","width":"","height":""}],"twitter_card":"summary_large_image","twitter_misc":{"Estimated reading time":"2 minutes"},"schema":{"@context":"https:\/\/schema.org","@graph":[{"@type":"WebPage","@id":"https:\/\/youtour.ro\/despre-noi\/","url":"https:\/\/youtour.ro\/despre-noi\/","name":"Despre noi - YouTour","isPartOf":{"@id":"https:\/\/youtour.ro\/ro\/#website"},"primaryImageOfPage":{"@id":"https:\/\/youtour.ro\/despre-noi\/#primaryimage"},"image":{"@id":"https:\/\/youtour.ro\/despre-noi\/#primaryimage"},"thumbnailUrl":"https:\/\/youtour.ro\/wp-content\/uploads\/2023\/02\/Licenta-organizatoare-719x1024.jpeg","datePublished":"2021-02-11T22:23:02+00:00","dateModified":"2024-01-31T09:15:20+00:00","breadcrumb":{"@id":"https:\/\/youtour.ro\/despre-noi\/#breadcrumb"},"inLanguage":"en-GB","potentialAction":[{"@type":"ReadAction","target":["https:\/\/youtour.ro\/despre-noi\/"]}]},{"@type":"ImageObject","inLanguage":"en-GB","@id":"https:\/\/youtour.ro\/despre-noi\/#primaryimage","url":"https:\/\/youtour.ro\/wp-content\/uploads\/2023\/02\/Licenta-organizatoare-719x1024.jpeg","contentUrl":"https:\/\/youtour.ro\/wp-content\/uploads\/2023\/02\/Licenta-organizatoare-719x1024.jpeg"},{"@type":"BreadcrumbList","@id":"https:\/\/youtour.ro\/despre-noi\/#breadcrumb","itemListElement":[{"@type":"ListItem","position":1,"name":"Prima pagin\u0103","item":"https:\/\/youtour.ro\/ro\/"},{"@type":"ListItem","position":2,"name":"Despre noi"}]},{"@type":"WebSite","@id":"https:\/\/youtour.ro\/ro\/#website","url":"https:\/\/youtour.ro\/ro\/","name":"YouTour","description":"Travel Company","publisher":{"@id":"https:\/\/youtour.ro\/ro\/#organization"},"potentialAction":[{"@type":"SearchAction","target":{"@type":"EntryPoint","urlTemplate":"https:\/\/youtour.ro\/ro\/?s={search_term_string}"},"query-input":{"@type":"PropertyValueSpecification","valueRequired":true,"valueName":"search_term_string"}}],"inLanguage":"en-GB"},{"@type":"Organization","@id":"https:\/\/youtour.ro\/ro\/#organization","name":"YouTour","url":"https:\/\/youtour.ro\/ro\/","logo":{"@type":"ImageObject","inLanguage":"en-GB","@id":"https:\/\/youtour.ro\/ro\/#\/schema\/logo\/image\/","url":"https:\/\/youtour.ro\/wp-content\/uploads\/2021\/02\/making-memories.jpeg","contentUrl":"https:\/\/youtour.ro\/wp-content\/uploads\/2021\/02\/making-memories.jpeg","width":1600,"height":1055,"caption":"YouTour"},"image":{"@id":"https:\/\/youtour.ro\/ro\/#\/schema\/logo\/image\/"},"sameAs":["https:\/\/www.facebook.com\/youtour.ro","https:\/\/www.instagram.com\/youtour2\/","https:\/\/www.youtube.com\/channel\/UCH5lYkKBP4cOG0vjHqA8tPw"]}]}},"_links":{"self":[{"href":"https:\/\/youtour.ro\/en\/wp-json\/wp\/v2\/pages\/37","targetHints":{"allow":["GET"]}}],"collection":[{"href":"https:\/\/youtour.ro\/en\/wp-json\/wp\/v2\/pages"}],"about":[{"href":"https:\/\/youtour.ro\/en\/wp-json\/wp\/v2\/types\/page"}],"author":[{"embeddable":true,"href":"https:\/\/youtour.ro\/en\/wp-json\/wp\/v2\/users\/1"}],"replies":[{"embeddable":true,"href":"https:\/\/youtour.ro\/en\/wp-json\/wp\/v2\/comments?post=37"}],"version-history":[{"count":14,"href":"https:\/\/youtour.ro\/en\/wp-json\/wp\/v2\/pages\/37\/revisions"}],"predecessor-version":[{"id":536,"href":"https:\/\/youtour.ro\/en\/wp-json\/wp\/v2\/pages\/37\/revisions\/536"}],"wp:attachment":[{"href":"https:\/\/youtour.ro\/en\/wp-json\/wp\/v2\/media?parent=37"}],"curies":[{"name":"wp","href":"https:\/\/api.w.org\/{rel}","templated":true}]}}