{"id":90,"date":"2021-02-12T00:08:13","date_gmt":"2021-02-12T00:08:13","guid":{"rendered":"https:\/\/youtour.ro\/?page_id=90"},"modified":"2021-02-28T18:27:35","modified_gmt":"2021-02-28T16:27:35","slug":"serviciile-noastre","status":"publish","type":"page","link":"https:\/\/youtour.ro\/en\/serviciile-noastre\/","title":{"rendered":"Our Services"},"content":{"rendered":"<ul class=\"wp-block-list\"><li>Airline tickets<\/li><li>Holidays with your own car or with a coach to Greece, Bulgaria and Turkey<\/li><li>Holiday packages with charter flights to Greece, Turkey, Spain, Egypt, Tunisia, Dubai, Zanzibar, Maldives, Kenya, Thailand, Doiminican Republic<\/li><li>Tailor-made exotic holidays to Bali, Mauritius, Seychelles, Bora Bora and Greece Cape<\/li><li>Special holidays to Lapland and Iceland<\/li><li>Private tours in Craiova city and in the Oltenia region<\/li><li>Traditional holidays in Romania<\/li><li>Cultural itineraries in Israel and Jordan<\/li><li>Transfer services<\/li><li>Rent-A-Car Services<\/li><li>Shuttle bus tickets to Bucharest Airport<\/li><li>Medical and storno travel insurances<\/li><\/ul>","protected":false},"excerpt":{"rendered":"<p>Bilete de avion Vacan\u021be cu ma\u0219ina personal\u0103\/autocarul \u00een Grecia, Bulgaria \u0219i Turcia Pachete de vacan\u021b\u0103 cu zboruri charter directe \u00een Grecia, Turcia, Spania, Egipt, Tunisia, Dubai, Zanzibar, Maldive, Kenya, Thailanda, Republica Dominican\u0103<a class=\"moretag\" href=\"https:\/\/youtour.ro\/en\/serviciile-noastre\/\">Read More&#8230;<\/a><\/p>","protected":false},"author":1,"featured_media":0,"parent":0,"menu_order":0,"comment_status":"closed","ping_status":"closed","template":"","meta":{"footnotes":""},"class_list":["post-90","page","type-page","status-publish","hentry"],"yoast_head":"<!-- This site is optimized with the Yoast SEO plugin v24.9 - https:\/\/yoast.com\/wordpress\/plugins\/seo\/ -->\n<title>Serviciile noastre - YouTour<\/title>\n<meta name=\"robots\" content=\"index, follow, max-snippet:-1, max-image-preview:large, max-video-preview:-1\" \/>\n<link rel=\"canonical\" href=\"https:\/\/youtour.ro\/en\/serviciile-noastre\/\" \/>\n<meta property=\"og:locale\" content=\"en_GB\" \/>\n<meta property=\"og:type\" content=\"article\" \/>\n<meta property=\"og:title\" content=\"Serviciile noastre - YouTour\" \/>\n<meta property=\"og:description\" content=\"Bilete de avion Vacan\u021be cu ma\u0219ina personal\u0103\/autocarul \u00een Grecia, Bulgaria \u0219i Turcia Pachete de vacan\u021b\u0103 cu zboruri charter directe \u00een Grecia, Turcia, Spania, Egipt, Tunisia, Dubai, Zanzibar, Maldive, Kenya, Thailanda, Republica Dominican\u0103Read More...\" \/>\n<meta property=\"og:url\" content=\"https:\/\/youtour.ro\/en\/serviciile-noastre\/\" \/>\n<meta property=\"og:site_name\" content=\"YouTour\" \/>\n<meta property=\"article:publisher\" content=\"https:\/\/www.facebook.com\/youtour.ro\" \/>\n<meta property=\"article:modified_time\" content=\"2021-02-28T16:27:35+00:00\" \/>\n<meta name=\"twitter:card\" content=\"summary_large_image\" \/>\n<script type=\"application\/ld+json\" class=\"yoast-schema-graph\">{\"@context\":\"https:\/\/schema.org\",\"@graph\":[{\"@type\":\"WebPage\",\"@id\":\"https:\/\/youtour.ro\/ro\/serviciile-noastre\/\",\"url\":\"https:\/\/youtour.ro\/ro\/serviciile-noastre\/\",\"name\":\"Serviciile noastre - YouTour\",\"isPartOf\":{\"@id\":\"https:\/\/youtour.ro\/ro\/#website\"},\"datePublished\":\"2021-02-12T00:08:13+00:00\",\"dateModified\":\"2021-02-28T16:27:35+00:00\",\"breadcrumb\":{\"@id\":\"https:\/\/youtour.ro\/ro\/serviciile-noastre\/#breadcrumb\"},\"inLanguage\":\"en-GB\",\"potentialAction\":[{\"@type\":\"ReadAction\",\"target\":[\"https:\/\/youtour.ro\/ro\/serviciile-noastre\/\"]}]},{\"@type\":\"BreadcrumbList\",\"@id\":\"https:\/\/youtour.ro\/ro\/serviciile-noastre\/#breadcrumb\",\"itemListElement\":[{\"@type\":\"ListItem\",\"position\":1,\"name\":\"Prima pagin\u0103\",\"item\":\"https:\/\/youtour.ro\/ro\/\"},{\"@type\":\"ListItem\",\"position\":2,\"name\":\"Serviciile noastre\"}]},{\"@type\":\"WebSite\",\"@id\":\"https:\/\/youtour.ro\/ro\/#website\",\"url\":\"https:\/\/youtour.ro\/ro\/\",\"name\":\"YouTour\",\"description\":\"Travel Company\",\"publisher\":{\"@id\":\"https:\/\/youtour.ro\/ro\/#organization\"},\"potentialAction\":[{\"@type\":\"SearchAction\",\"target\":{\"@type\":\"EntryPoint\",\"urlTemplate\":\"https:\/\/youtour.ro\/ro\/?s={search_term_string}\"},\"query-input\":{\"@type\":\"PropertyValueSpecification\",\"valueRequired\":true,\"valueName\":\"search_term_string\"}}],\"inLanguage\":\"en-GB\"},{\"@type\":\"Organization\",\"@id\":\"https:\/\/youtour.ro\/ro\/#organization\",\"name\":\"YouTour\",\"url\":\"https:\/\/youtour.ro\/ro\/\",\"logo\":{\"@type\":\"ImageObject\",\"inLanguage\":\"en-GB\",\"@id\":\"https:\/\/youtour.ro\/ro\/#\/schema\/logo\/image\/\",\"url\":\"https:\/\/youtour.ro\/wp-content\/uploads\/2021\/02\/making-memories.jpeg\",\"contentUrl\":\"https:\/\/youtour.ro\/wp-content\/uploads\/2021\/02\/making-memories.jpeg\",\"width\":1600,\"height\":1055,\"caption\":\"YouTour\"},\"image\":{\"@id\":\"https:\/\/youtour.ro\/ro\/#\/schema\/logo\/image\/\"},\"sameAs\":[\"https:\/\/www.facebook.com\/youtour.ro\",\"https:\/\/www.instagram.com\/youtour2\/\",\"https:\/\/www.youtube.com\/channel\/UCH5lYkKBP4cOG0vjHqA8tPw\"]}]}<\/script>\n<!-- \/ Yoast SEO plugin. -->","yoast_head_json":{"title":"Serviciile noastre - YouTour","robots":{"index":"index","follow":"follow","max-snippet":"max-snippet:-1","max-image-preview":"max-image-preview:large","max-video-preview":"max-video-preview:-1"},"canonical":"https:\/\/youtour.ro\/en\/serviciile-noastre\/","og_locale":"en_GB","og_type":"article","og_title":"Serviciile noastre - YouTour","og_description":"Bilete de avion Vacan\u021be cu ma\u0219ina personal\u0103\/autocarul \u00een Grecia, Bulgaria \u0219i Turcia Pachete de vacan\u021b\u0103 cu zboruri charter directe \u00een Grecia, Turcia, Spania, Egipt, Tunisia, Dubai, Zanzibar, Maldive, Kenya, Thailanda, Republica Dominican\u0103Read More...","og_url":"https:\/\/youtour.ro\/en\/serviciile-noastre\/","og_site_name":"YouTour","article_publisher":"https:\/\/www.facebook.com\/youtour.ro","article_modified_time":"2021-02-28T16:27:35+00:00","twitter_card":"summary_large_image","schema":{"@context":"https:\/\/schema.org","@graph":[{"@type":"WebPage","@id":"https:\/\/youtour.ro\/ro\/serviciile-noastre\/","url":"https:\/\/youtour.ro\/ro\/serviciile-noastre\/","name":"Serviciile noastre - YouTour","isPartOf":{"@id":"https:\/\/youtour.ro\/ro\/#website"},"datePublished":"2021-02-12T00:08:13+00:00","dateModified":"2021-02-28T16:27:35+00:00","breadcrumb":{"@id":"https:\/\/youtour.ro\/ro\/serviciile-noastre\/#breadcrumb"},"inLanguage":"en-GB","potentialAction":[{"@type":"ReadAction","target":["https:\/\/youtour.ro\/ro\/serviciile-noastre\/"]}]},{"@type":"BreadcrumbList","@id":"https:\/\/youtour.ro\/ro\/serviciile-noastre\/#breadcrumb","itemListElement":[{"@type":"ListItem","position":1,"name":"Prima pagin\u0103","item":"https:\/\/youtour.ro\/ro\/"},{"@type":"ListItem","position":2,"name":"Serviciile noastre"}]},{"@type":"WebSite","@id":"https:\/\/youtour.ro\/ro\/#website","url":"https:\/\/youtour.ro\/ro\/","name":"YouTour","description":"Travel Company","publisher":{"@id":"https:\/\/youtour.ro\/ro\/#organization"},"potentialAction":[{"@type":"SearchAction","target":{"@type":"EntryPoint","urlTemplate":"https:\/\/youtour.ro\/ro\/?s={search_term_string}"},"query-input":{"@type":"PropertyValueSpecification","valueRequired":true,"valueName":"search_term_string"}}],"inLanguage":"en-GB"},{"@type":"Organization","@id":"https:\/\/youtour.ro\/ro\/#organization","name":"YouTour","url":"https:\/\/youtour.ro\/ro\/","logo":{"@type":"ImageObject","inLanguage":"en-GB","@id":"https:\/\/youtour.ro\/ro\/#\/schema\/logo\/image\/","url":"https:\/\/youtour.ro\/wp-content\/uploads\/2021\/02\/making-memories.jpeg","contentUrl":"https:\/\/youtour.ro\/wp-content\/uploads\/2021\/02\/making-memories.jpeg","width":1600,"height":1055,"caption":"YouTour"},"image":{"@id":"https:\/\/youtour.ro\/ro\/#\/schema\/logo\/image\/"},"sameAs":["https:\/\/www.facebook.com\/youtour.ro","https:\/\/www.instagram.com\/youtour2\/","https:\/\/www.youtube.com\/channel\/UCH5lYkKBP4cOG0vjHqA8tPw"]}]}},"_links":{"self":[{"href":"https:\/\/youtour.ro\/en\/wp-json\/wp\/v2\/pages\/90","targetHints":{"allow":["GET"]}}],"collection":[{"href":"https:\/\/youtour.ro\/en\/wp-json\/wp\/v2\/pages"}],"about":[{"href":"https:\/\/youtour.ro\/en\/wp-json\/wp\/v2\/types\/page"}],"author":[{"embeddable":true,"href":"https:\/\/youtour.ro\/en\/wp-json\/wp\/v2\/users\/1"}],"replies":[{"embeddable":true,"href":"https:\/\/youtour.ro\/en\/wp-json\/wp\/v2\/comments?post=90"}],"version-history":[{"count":6,"href":"https:\/\/youtour.ro\/en\/wp-json\/wp\/v2\/pages\/90\/revisions"}],"predecessor-version":[{"id":241,"href":"https:\/\/youtour.ro\/en\/wp-json\/wp\/v2\/pages\/90\/revisions\/241"}],"wp:attachment":[{"href":"https:\/\/youtour.ro\/en\/wp-json\/wp\/v2\/media?parent=90"}],"curies":[{"name":"wp","href":"https:\/\/api.w.org\/{rel}","templated":true}]}}