{"id":159,"date":"2021-02-16T09:30:47","date_gmt":"2021-02-16T07:30:47","guid":{"rendered":"https:\/\/youtour.ro\/?page_id=159"},"modified":"2022-02-06T21:48:57","modified_gmt":"2022-02-06T19:48:57","slug":"solicita-oferta","status":"publish","type":"page","link":"https:\/\/youtour.ro\/ro\/solicita-oferta\/","title":{"rendered":"Solicit\u0103 ofert\u0103"},"content":{"rendered":"\n<p><em><strong>Suntem diferi\u021bi, iar nevoile noastre de vacan\u021b\u0103 sunt diferite.<\/strong><\/em><\/p>\n\n\n\n<p><strong>Tocmai de aceea, v\u0103 rug\u0103m s\u0103 completa\u021bi formularul de mai jos, iar \u00een maximum 24 de ore, un consultat de turism v\u0103 va contacta telefonic sau prin e-mail pentru a v\u0103 transmite o ofert\u0103 personalizat\u0103.<\/strong><\/p>\n\n\n\n<p>V\u0103 mul\u021bumim!<\/p>\n\n\n<div class=\"frm_forms  with_frm_style frm_style_formidable-style\" id=\"frm_form_2_container\" >\n<form enctype=\"multipart\/form-data\" method=\"post\" class=\"frm-show-form \" id=\"form_solicitareofert\" >\n<div class=\"frm_form_fields \">\n<fieldset>\n<legend class=\"frm_screen_reader\">Solicitare ofert\u0103<\/legend>\r\n\r\n<div class=\"frm_fields_container\">\n<input type=\"hidden\" name=\"frm_action\" value=\"create\" \/>\n<input type=\"hidden\" name=\"form_id\" value=\"2\" \/>\n<input type=\"hidden\" name=\"frm_hide_fields_2\" id=\"frm_hide_fields_2\" value=\"\" \/>\n<input type=\"hidden\" name=\"form_key\" value=\"solicitareofert\" \/>\n<input type=\"hidden\" name=\"item_meta[0]\" value=\"\" \/>\n<input type=\"hidden\" id=\"frm_submit_entry_2\" name=\"frm_submit_entry_2\" value=\"81125176dd\" \/><input type=\"hidden\" name=\"_wp_http_referer\" value=\"\/ro\/wp-json\/wp\/v2\/pages\/159\" \/><div id=\"frm_field_7_container\" class=\"frm_form_field form-field  frm_required_field frm_top_container\">\r\n    <label for=\"field_rtd7l\" id=\"field_rtd7l_label\" class=\"frm_primary_label\">Numele dvs.\r\n        <span class=\"frm_required\">*<\/span>\r\n    <\/label>\r\n    <input type=\"text\" id=\"field_rtd7l\" name=\"item_meta[7]\" value=\"\"  data-reqmsg=\"Numele dvs. cannot be blank.\" aria-required=\"true\" data-invmsg=\"Text is invalid\" aria-invalid=\"false\"  \/>\r\n    \r\n    \r\n<\/div>\n<div id=\"frm_field_6_container\" class=\"frm_form_field form-field  frm_required_field frm_top_container\">\r\n    <label for=\"field_fdvm1\" id=\"field_fdvm1_label\" class=\"frm_primary_label\">Adresa de e-mail\r\n        <span class=\"frm_required\">*<\/span>\r\n    <\/label>\r\n    <input type=\"text\" id=\"field_fdvm1\" name=\"item_meta[6]\" value=\"\"  data-reqmsg=\"Adresa de e-mail cannot be blank.\" aria-required=\"true\" data-invmsg=\"Text is invalid\" aria-invalid=\"false\"  \/>\r\n    \r\n    \r\n<\/div>\n<div id=\"frm_field_13_container\" class=\"frm_form_field form-field  frm_top_container\">\r\n    <label for=\"field_e7jsj\" id=\"field_e7jsj_label\" class=\"frm_primary_label\">Num\u0103r de telefon\r\n        <span class=\"frm_required\"><\/span>\r\n    <\/label>\r\n    <input type=\"tel\" id=\"field_e7jsj\" name=\"item_meta[13]\" value=\"\"  data-invmsg=\"Phone is invalid\" aria-invalid=\"false\" pattern=\"((\\+\\d{1,3}(-|.| )?\\(?\\d\\)?(-| |.)?\\d{1,5})|(\\(?\\d{2,6}\\)?))(-|.| )?(\\d{3,4})(-|.| )?(\\d{4})(( x| ext)\\d{1,5}){0,1}$\"  \/>\r\n    \r\n    \r\n<\/div>\n<div id=\"frm_field_8_container\" class=\"frm_form_field form-field  frm_required_field frm_top_container\">\r\n    <label for=\"field_end02\" id=\"field_end02_label\" class=\"frm_primary_label\">Destina\u021bia dorit\u0103\r\n        <span class=\"frm_required\">*<\/span>\r\n    <\/label>\r\n    <input type=\"text\" id=\"field_end02\" name=\"item_meta[8]\" value=\"\"  placeholder=\"De exemplu: Grecia\" data-reqmsg=\"Destina\u021bia dorit\u0103 cannot be blank.\" aria-required=\"true\" data-invmsg=\"Text is invalid\" aria-invalid=\"false\"  \/>\r\n    \r\n    \r\n<\/div>\n<div id=\"frm_field_14_container\" class=\"frm_form_field form-field  frm_required_field frm_top_container\">\r\n    <label for=\"field_afsvs\" id=\"field_afsvs_label\" class=\"frm_primary_label\">Perioada dorit\u0103\r\n        <span class=\"frm_required\">*<\/span>\r\n    <\/label>\r\n    <input type=\"text\" id=\"field_afsvs\" name=\"item_meta[14]\" value=\"\"  placeholder=\"De exemplu: 1-8 August\" data-reqmsg=\"Perioada dorit\u0103 cannot be blank.\" aria-required=\"true\" data-invmsg=\"Text is invalid\" aria-invalid=\"false\"  \/>\r\n    \r\n    \r\n<\/div>\n<div id=\"frm_field_16_container\" class=\"frm_form_field form-field  frm_top_container\">\n    <label for=\"field_4kad3\" id=\"field_4kad3_label\" class=\"frm_primary_label\">Tip transport\n        <span class=\"frm_required\"><\/span>\n    <\/label>\n    <input type=\"text\" id=\"field_4kad3\" name=\"item_meta[16]\" value=\"\"  placeholder=\"De exemplu: ma\u0219in\u0103 persoanal\u0103, avion, autocar\" data-invmsg=\"Text is invalid\" aria-invalid=\"false\"  \/>\n    \n    \n<\/div>\n<div id=\"frm_field_19_container\" class=\"frm_form_field form-field  frm_top_container\">\n    <label for=\"field_do2n7\" id=\"field_do2n7_label\" class=\"frm_primary_label\">Ora\u0219 plecare\n        <span class=\"frm_required\" aria-hidden=\"true\"><\/span>\n    <\/label>\n    <input type=\"text\" id=\"field_do2n7\" name=\"item_meta[19]\" value=\"\"  placeholder=\"Ex: Bucure\u0219ti (doar dac\u0103 pleca\u021bi cu avionul)\" data-invmsg=\"Text is invalid\" aria-invalid=\"false\"  \/>\n    \n    \n<\/div>\n<div id=\"frm_field_9_container\" class=\"frm_form_field form-field  frm_required_field frm_top_container\">\r\n    <label for=\"field_witog\" id=\"field_witog_label\" class=\"frm_primary_label\">Num\u0103r adul\u021bi\r\n        <span class=\"frm_required\">*<\/span>\r\n    <\/label>\r\n    <input type=\"number\" id=\"field_witog\" name=\"item_meta[9]\" value=\"\"  data-reqmsg=\"Num\u0103r adul\u021bi cannot be blank.\" aria-required=\"true\" data-invmsg=\"Num\u0103r is invalid\" aria-invalid=\"false\"   min=\"0\" max=\"99999999\" step=\"any\"\/>\r\n    \r\n    \r\n<\/div>\n<div id=\"frm_field_11_container\" class=\"frm_form_field form-field  frm_top_container\">\r\n    <label for=\"field_ibh56\" id=\"field_ibh56_label\" class=\"frm_primary_label\">Num\u0103r copii\r\n        <span class=\"frm_required\"><\/span>\r\n    <\/label>\r\n    <input type=\"number\" id=\"field_ibh56\" name=\"item_meta[11]\" value=\"\"  placeholder=\"Doar dac\u0103 ve\u021bi c\u0103l\u0103tori cu copii\" data-invmsg=\"Num\u0103r is invalid\" aria-invalid=\"false\"   min=\"0\" max=\"9999999\" step=\"any\"\/>\r\n    \r\n    \r\n<\/div>\n<div id=\"frm_field_12_container\" class=\"frm_form_field form-field  frm_top_container\">\r\n    <label for=\"field_r53j3\" id=\"field_r53j3_label\" class=\"frm_primary_label\">V\u00e2rste copii\r\n        <span class=\"frm_required\"><\/span>\r\n    <\/label>\r\n    <input type=\"text\" id=\"field_r53j3\" name=\"item_meta[12]\" value=\"\"  placeholder=\"De exemplu: 5 \u0219i 13 ani\" data-invmsg=\"Text is invalid\" aria-invalid=\"false\"  \/>\r\n    \r\n    \r\n<\/div>\n<div id=\"frm_field_18_container\" class=\"frm_form_field form-field  frm_top_container\">\n    <label for=\"field_5xv98\" id=\"field_5xv98_label\" class=\"frm_primary_label\">Tip de mas\u0103\n        <span class=\"frm_required\" aria-hidden=\"true\"><\/span>\n    <\/label>\n    <input type=\"text\" id=\"field_5xv98\" name=\"item_meta[18]\" value=\"\"  placeholder=\"De exemplu: mic dejun, demipensiune, all inclusive\" data-invmsg=\"Text is invalid\" aria-invalid=\"false\"  \/>\n    \n    \n<\/div>\n<div id=\"frm_field_20_container\" class=\"frm_form_field form-field  frm_top_container\">\n    <label for=\"field_pubk1\" id=\"field_pubk1_label\" class=\"frm_primary_label\">Buget alocat\n        <span class=\"frm_required\" aria-hidden=\"true\"><\/span>\n    <\/label>\n    <input type=\"text\" id=\"field_pubk1\" name=\"item_meta[20]\" value=\"\"  placeholder=\"Trece\u021bi sum\u0103 \u00een euro dac\u0103 este o vacan\u021b\u0103 \u00een str\u0103in\u0103tate\" data-invmsg=\"Text is invalid\" aria-invalid=\"false\"  \/>\n    \n    \n<\/div>\n<div id=\"frm_field_17_container\" class=\"frm_form_field form-field  frm_top_container vertical_radio\">\n    <div  id=\"field_5rso6_label\" class=\"frm_primary_label\">V\u0103 putem contacta telefonic pentru mai multe detalii?\n        <span class=\"frm_required\"><\/span>\n    <\/div>\n    <div class=\"frm_opt_container\" aria-labelledby=\"field_5rso6_label\" role=\"group\">\t\t<div class=\"frm_checkbox\" id=\"frm_checkbox_17-0\">\t\t\t<label  for=\"field_5rso6-0\">\n\t\t\t<input type=\"checkbox\" name=\"item_meta[17][]\" id=\"field_5rso6-0\" value=\"Da\"  data-invmsg=\"V\u0103 putem contacta telefonic pentru mai multe detalii? is invalid\"   \/> Da<\/label><\/div>\n\t\t<div class=\"frm_checkbox\" id=\"frm_checkbox_17-1\">\t\t\t<label  for=\"field_5rso6-1\">\n\t\t\t<input type=\"checkbox\" name=\"item_meta[17][]\" id=\"field_5rso6-1\" value=\"Nu\"  data-invmsg=\"V\u0103 putem contacta telefonic pentru mai multe detalii? is invalid\"   \/> Nu<\/label><\/div>\n<\/div>\n    \n    \n<\/div>\n<div id=\"frm_field_15_container\" class=\"frm_form_field form-field  frm_none_container\">\r\n    <label for=\"g-recaptcha-response\" id=\"field_90bnh_label\" class=\"frm_primary_label\">reCAPTCHA\r\n        <span class=\"frm_required\"><\/span>\r\n    <\/label>\r\n    \r\n    \r\n    \r\n<\/div>\n\t<input type=\"hidden\" name=\"item_key\" value=\"\" \/>\n\t\t\t<div id=\"frm_field_21_container\">\n\t\t\t<label for=\"field_yks4d\" >\n\t\t\t\tIf you are human, leave this field blank.\t\t\t<\/label>\n\t\t\t<input  id=\"field_yks4d\" type=\"text\" class=\"frm_form_field form-field frm_verify\" name=\"item_meta[21]\" value=\"\"  \/>\n\t\t<\/div>\n\t\t<input name=\"frm_state\" type=\"hidden\" value=\"yCSZiXpyGfS7mNLpJEZQmovkeixfIp2XeOj7sKbDfZY=\" \/><div class=\"frm_submit\">\r\n\r\n<button class=\"frm_button_submit\" type=\"submit\"  >Trimite<\/button>\r\n\r\n<\/div><\/div>\n<\/fieldset>\n<\/div>\n\n<\/form>\n<\/div>\n\n","protected":false},"excerpt":{"rendered":"<p>Suntem diferi\u021bi, iar nevoile noastre de vacan\u021b\u0103 sunt diferite. Tocmai de aceea, v\u0103 rug\u0103m s\u0103 completa\u021bi formularul de mai jos, iar \u00een maximum 24 de ore, un consultat de turism v\u0103 va<a class=\"moretag\" href=\"https:\/\/youtour.ro\/ro\/solicita-oferta\/\">Read More&#8230;<\/a><\/p>\n","protected":false},"author":1,"featured_media":0,"parent":0,"menu_order":0,"comment_status":"closed","ping_status":"closed","template":"","meta":{"footnotes":""},"class_list":["post-159","page","type-page","status-publish","hentry"],"yoast_head":"<!-- This site is optimized with the Yoast SEO plugin v24.9 - https:\/\/yoast.com\/wordpress\/plugins\/seo\/ -->\n<title>Solicit\u0103 ofert\u0103 - YouTour<\/title>\n<meta name=\"robots\" content=\"index, follow, max-snippet:-1, max-image-preview:large, max-video-preview:-1\" \/>\n<link rel=\"canonical\" href=\"https:\/\/youtour.ro\/ro\/solicita-oferta\/\" \/>\n<meta property=\"og:locale\" content=\"ro_RO\" \/>\n<meta property=\"og:type\" content=\"article\" \/>\n<meta property=\"og:title\" content=\"Solicit\u0103 ofert\u0103 - YouTour\" \/>\n<meta property=\"og:description\" content=\"Suntem diferi\u021bi, iar nevoile noastre de vacan\u021b\u0103 sunt diferite. Tocmai de aceea, v\u0103 rug\u0103m s\u0103 completa\u021bi formularul de mai jos, iar \u00een maximum 24 de ore, un consultat de turism v\u0103 vaRead More...\" \/>\n<meta property=\"og:url\" content=\"https:\/\/youtour.ro\/ro\/solicita-oferta\/\" \/>\n<meta property=\"og:site_name\" content=\"YouTour\" \/>\n<meta property=\"article:publisher\" content=\"https:\/\/www.facebook.com\/youtour.ro\" \/>\n<meta property=\"article:modified_time\" content=\"2022-02-06T19:48:57+00:00\" \/>\n<meta name=\"twitter:card\" content=\"summary_large_image\" \/>\n<meta name=\"twitter:label1\" content=\"Timp estimat pentru citire\" \/>\n\t<meta name=\"twitter:data1\" content=\"1 minut\" \/>\n<script type=\"application\/ld+json\" class=\"yoast-schema-graph\">{\"@context\":\"https:\/\/schema.org\",\"@graph\":[{\"@type\":\"WebPage\",\"@id\":\"https:\/\/youtour.ro\/solicita-oferta\/\",\"url\":\"https:\/\/youtour.ro\/solicita-oferta\/\",\"name\":\"Solicit\u0103 ofert\u0103 - YouTour\",\"isPartOf\":{\"@id\":\"https:\/\/youtour.ro\/ro\/#website\"},\"datePublished\":\"2021-02-16T07:30:47+00:00\",\"dateModified\":\"2022-02-06T19:48:57+00:00\",\"breadcrumb\":{\"@id\":\"https:\/\/youtour.ro\/solicita-oferta\/#breadcrumb\"},\"inLanguage\":\"ro-RO\",\"potentialAction\":[{\"@type\":\"ReadAction\",\"target\":[\"https:\/\/youtour.ro\/solicita-oferta\/\"]}]},{\"@type\":\"BreadcrumbList\",\"@id\":\"https:\/\/youtour.ro\/solicita-oferta\/#breadcrumb\",\"itemListElement\":[{\"@type\":\"ListItem\",\"position\":1,\"name\":\"Prima pagin\u0103\",\"item\":\"https:\/\/youtour.ro\/ro\/\"},{\"@type\":\"ListItem\",\"position\":2,\"name\":\"Solicit\u0103 ofert\u0103\"}]},{\"@type\":\"WebSite\",\"@id\":\"https:\/\/youtour.ro\/ro\/#website\",\"url\":\"https:\/\/youtour.ro\/ro\/\",\"name\":\"YouTour\",\"description\":\"Travel Company\",\"publisher\":{\"@id\":\"https:\/\/youtour.ro\/ro\/#organization\"},\"potentialAction\":[{\"@type\":\"SearchAction\",\"target\":{\"@type\":\"EntryPoint\",\"urlTemplate\":\"https:\/\/youtour.ro\/ro\/?s={search_term_string}\"},\"query-input\":{\"@type\":\"PropertyValueSpecification\",\"valueRequired\":true,\"valueName\":\"search_term_string\"}}],\"inLanguage\":\"ro-RO\"},{\"@type\":\"Organization\",\"@id\":\"https:\/\/youtour.ro\/ro\/#organization\",\"name\":\"YouTour\",\"url\":\"https:\/\/youtour.ro\/ro\/\",\"logo\":{\"@type\":\"ImageObject\",\"inLanguage\":\"ro-RO\",\"@id\":\"https:\/\/youtour.ro\/ro\/#\/schema\/logo\/image\/\",\"url\":\"https:\/\/youtour.ro\/wp-content\/uploads\/2021\/02\/making-memories.jpeg\",\"contentUrl\":\"https:\/\/youtour.ro\/wp-content\/uploads\/2021\/02\/making-memories.jpeg\",\"width\":1600,\"height\":1055,\"caption\":\"YouTour\"},\"image\":{\"@id\":\"https:\/\/youtour.ro\/ro\/#\/schema\/logo\/image\/\"},\"sameAs\":[\"https:\/\/www.facebook.com\/youtour.ro\",\"https:\/\/www.instagram.com\/youtour2\/\",\"https:\/\/www.youtube.com\/channel\/UCH5lYkKBP4cOG0vjHqA8tPw\"]}]}<\/script>\n<!-- \/ Yoast SEO plugin. -->","yoast_head_json":{"title":"Solicit\u0103 ofert\u0103 - YouTour","robots":{"index":"index","follow":"follow","max-snippet":"max-snippet:-1","max-image-preview":"max-image-preview:large","max-video-preview":"max-video-preview:-1"},"canonical":"https:\/\/youtour.ro\/ro\/solicita-oferta\/","og_locale":"ro_RO","og_type":"article","og_title":"Solicit\u0103 ofert\u0103 - YouTour","og_description":"Suntem diferi\u021bi, iar nevoile noastre de vacan\u021b\u0103 sunt diferite. Tocmai de aceea, v\u0103 rug\u0103m s\u0103 completa\u021bi formularul de mai jos, iar \u00een maximum 24 de ore, un consultat de turism v\u0103 vaRead More...","og_url":"https:\/\/youtour.ro\/ro\/solicita-oferta\/","og_site_name":"YouTour","article_publisher":"https:\/\/www.facebook.com\/youtour.ro","article_modified_time":"2022-02-06T19:48:57+00:00","twitter_card":"summary_large_image","twitter_misc":{"Timp estimat pentru citire":"1 minut"},"schema":{"@context":"https:\/\/schema.org","@graph":[{"@type":"WebPage","@id":"https:\/\/youtour.ro\/solicita-oferta\/","url":"https:\/\/youtour.ro\/solicita-oferta\/","name":"Solicit\u0103 ofert\u0103 - YouTour","isPartOf":{"@id":"https:\/\/youtour.ro\/ro\/#website"},"datePublished":"2021-02-16T07:30:47+00:00","dateModified":"2022-02-06T19:48:57+00:00","breadcrumb":{"@id":"https:\/\/youtour.ro\/solicita-oferta\/#breadcrumb"},"inLanguage":"ro-RO","potentialAction":[{"@type":"ReadAction","target":["https:\/\/youtour.ro\/solicita-oferta\/"]}]},{"@type":"BreadcrumbList","@id":"https:\/\/youtour.ro\/solicita-oferta\/#breadcrumb","itemListElement":[{"@type":"ListItem","position":1,"name":"Prima pagin\u0103","item":"https:\/\/youtour.ro\/ro\/"},{"@type":"ListItem","position":2,"name":"Solicit\u0103 ofert\u0103"}]},{"@type":"WebSite","@id":"https:\/\/youtour.ro\/ro\/#website","url":"https:\/\/youtour.ro\/ro\/","name":"YouTour","description":"Travel Company","publisher":{"@id":"https:\/\/youtour.ro\/ro\/#organization"},"potentialAction":[{"@type":"SearchAction","target":{"@type":"EntryPoint","urlTemplate":"https:\/\/youtour.ro\/ro\/?s={search_term_string}"},"query-input":{"@type":"PropertyValueSpecification","valueRequired":true,"valueName":"search_term_string"}}],"inLanguage":"ro-RO"},{"@type":"Organization","@id":"https:\/\/youtour.ro\/ro\/#organization","name":"YouTour","url":"https:\/\/youtour.ro\/ro\/","logo":{"@type":"ImageObject","inLanguage":"ro-RO","@id":"https:\/\/youtour.ro\/ro\/#\/schema\/logo\/image\/","url":"https:\/\/youtour.ro\/wp-content\/uploads\/2021\/02\/making-memories.jpeg","contentUrl":"https:\/\/youtour.ro\/wp-content\/uploads\/2021\/02\/making-memories.jpeg","width":1600,"height":1055,"caption":"YouTour"},"image":{"@id":"https:\/\/youtour.ro\/ro\/#\/schema\/logo\/image\/"},"sameAs":["https:\/\/www.facebook.com\/youtour.ro","https:\/\/www.instagram.com\/youtour2\/","https:\/\/www.youtube.com\/channel\/UCH5lYkKBP4cOG0vjHqA8tPw"]}]}},"_links":{"self":[{"href":"https:\/\/youtour.ro\/ro\/wp-json\/wp\/v2\/pages\/159","targetHints":{"allow":["GET"]}}],"collection":[{"href":"https:\/\/youtour.ro\/ro\/wp-json\/wp\/v2\/pages"}],"about":[{"href":"https:\/\/youtour.ro\/ro\/wp-json\/wp\/v2\/types\/page"}],"author":[{"embeddable":true,"href":"https:\/\/youtour.ro\/ro\/wp-json\/wp\/v2\/users\/1"}],"replies":[{"embeddable":true,"href":"https:\/\/youtour.ro\/ro\/wp-json\/wp\/v2\/comments?post=159"}],"version-history":[{"count":4,"href":"https:\/\/youtour.ro\/ro\/wp-json\/wp\/v2\/pages\/159\/revisions"}],"predecessor-version":[{"id":459,"href":"https:\/\/youtour.ro\/ro\/wp-json\/wp\/v2\/pages\/159\/revisions\/459"}],"wp:attachment":[{"href":"https:\/\/youtour.ro\/ro\/wp-json\/wp\/v2\/media?parent=159"}],"curies":[{"name":"wp","href":"https:\/\/api.w.org\/{rel}","templated":true}]}}