{"id":37,"date":"2021-02-11T22:23:02","date_gmt":"2021-02-11T22:23:02","guid":{"rendered":"https:\/\/youtour.ro\/?page_id=37"},"modified":"2024-01-31T11:15:20","modified_gmt":"2024-01-31T09:15:20","slug":"despre-noi","status":"publish","type":"page","link":"https:\/\/youtour.ro\/ro\/despre-noi\/","title":{"rendered":"Despre noi"},"content":{"rendered":"\n<p class=\"has-text-align-center\"><strong>Cine suntem<\/strong><\/p>\n\n\n\n<p>Suntem o companie de turism la \u00eenceput de drum, dar avem experien\u021b\u0103 solid\u0103 \u00een domeniul turismului. Misiunea nostr\u0103 este s\u0103 oferim, cu profesionalism, servicii de calitate clien\u021bilor care ne acord\u0103 \u00eencrederea, at\u00e2t pentru c\u0103l\u0103toriile lor personale, c\u00e2t \u0219i pentru cele de business. \u0218i nu o trat\u0103m ca o provocare, deoarece suntem pasiona\u021bi de domeniul turismului, iar orice solicitare o abord\u0103m ca \u0219i cum am planifica propria noastr\u0103 c\u0103l\u0103torie.<\/p>\n\n\n\n<p class=\"has-text-align-center\"><strong>De ce s\u0103 alegi YouTour<\/strong><\/p>\n\n\n\n<p>\u00cen era re\u021belelor sociale \u0219i a aplica\u021biilor de travel, planificare unei c\u0103l\u0103torii pare s\u0103 fie la \u00eendem\u00e2na oricui. Dar totul poate fi mult mai simplu \u0219i convenabil cu ajutorul unui consultant de turism. Pe l\u00e2ng\u0103 tarifele negociate, de cele mai multe ori mult mai mici dec\u00e2t cele g\u0103site pe cont propriu, consultantul vine \u00een sprijinul dvs. cu informa\u021bii utile \u0219i sigure despre destina\u021bia aleas\u0103, unitatea de cazare aleas\u0103, itinerarul cel mai potrivit, \u0219i chiar despre activit\u0103\u021bile pe care le pute\u021bi experimenta \u00een timpul deplas\u0103rii. Indiferent de planul t\u0103u de c\u0103l\u0103torie, cere un sfat \u0219i unui consultant de turism, pentru c\u0103 ai putea primi o ofert\u0103 avantajoas\u0103!<\/p>\n\n\n\n<figure class=\"wp-block-image size-large\"><img loading=\"lazy\" decoding=\"async\" width=\"719\" height=\"1024\" src=\"https:\/\/youtour.ro\/wp-content\/uploads\/2023\/02\/Licenta-organizatoare-719x1024.jpeg\" alt=\"\" class=\"wp-image-502\" srcset=\"https:\/\/youtour.ro\/wp-content\/uploads\/2023\/02\/Licenta-organizatoare-719x1024.jpeg 719w, https:\/\/youtour.ro\/wp-content\/uploads\/2023\/02\/Licenta-organizatoare-210x300.jpeg 210w, https:\/\/youtour.ro\/wp-content\/uploads\/2023\/02\/Licenta-organizatoare-768x1095.jpeg 768w, https:\/\/youtour.ro\/wp-content\/uploads\/2023\/02\/Licenta-organizatoare-1078x1536.jpeg 1078w, https:\/\/youtour.ro\/wp-content\/uploads\/2023\/02\/Licenta-organizatoare-8x12.jpeg 8w, https:\/\/youtour.ro\/wp-content\/uploads\/2023\/02\/Licenta-organizatoare.jpeg 1437w\" sizes=\"auto, (max-width: 719px) 100vw, 719px\" \/><\/figure>\n\n\n\n<figure class=\"wp-block-image size-large\"><img loading=\"lazy\" decoding=\"async\" width=\"1024\" height=\"788\" src=\"https:\/\/youtour.ro\/wp-content\/uploads\/2021\/02\/CUI-societate-1-1024x788.jpg\" alt=\"\" class=\"wp-image-182\" srcset=\"https:\/\/youtour.ro\/wp-content\/uploads\/2021\/02\/CUI-societate-1-1024x788.jpg 1024w, https:\/\/youtour.ro\/wp-content\/uploads\/2021\/02\/CUI-societate-1-300x231.jpg 300w, https:\/\/youtour.ro\/wp-content\/uploads\/2021\/02\/CUI-societate-1-768x591.jpg 768w, https:\/\/youtour.ro\/wp-content\/uploads\/2021\/02\/CUI-societate-1-1536x1182.jpg 1536w, https:\/\/youtour.ro\/wp-content\/uploads\/2021\/02\/CUI-societate-1-2048x1577.jpg 2048w, https:\/\/youtour.ro\/wp-content\/uploads\/2021\/02\/CUI-societate-1-16x12.jpg 16w\" sizes=\"auto, (max-width: 1024px) 100vw, 1024px\" \/><\/figure>\n\n\n\n<figure class=\"wp-block-image size-large\"><img loading=\"lazy\" decoding=\"async\" width=\"724\" height=\"1024\" src=\"https:\/\/youtour.ro\/wp-content\/uploads\/2024\/01\/Asigurare-2024_page-0001-724x1024.jpg\" alt=\"\" class=\"wp-image-535\" srcset=\"https:\/\/youtour.ro\/wp-content\/uploads\/2024\/01\/Asigurare-2024_page-0001-724x1024.jpg 724w, https:\/\/youtour.ro\/wp-content\/uploads\/2024\/01\/Asigurare-2024_page-0001-212x300.jpg 212w, https:\/\/youtour.ro\/wp-content\/uploads\/2024\/01\/Asigurare-2024_page-0001-768x1087.jpg 768w, https:\/\/youtour.ro\/wp-content\/uploads\/2024\/01\/Asigurare-2024_page-0001-1085x1536.jpg 1085w, https:\/\/youtour.ro\/wp-content\/uploads\/2024\/01\/Asigurare-2024_page-0001-8x12.jpg 8w, https:\/\/youtour.ro\/wp-content\/uploads\/2024\/01\/Asigurare-2024_page-0001.jpg 1240w\" sizes=\"auto, (max-width: 724px) 100vw, 724px\" \/><\/figure>\n","protected":false},"excerpt":{"rendered":"<p>Cine suntem Suntem o companie de turism la \u00eenceput de drum, dar avem experien\u021b\u0103 solid\u0103 \u00een domeniul turismului. Misiunea nostr\u0103 este s\u0103 oferim, cu profesionalism, servicii de calitate clien\u021bilor care ne acord\u0103<a class=\"moretag\" href=\"https:\/\/youtour.ro\/ro\/despre-noi\/\">Read More&#8230;<\/a><\/p>\n","protected":false},"author":1,"featured_media":0,"parent":0,"menu_order":0,"comment_status":"closed","ping_status":"closed","template":"page-sidebar.php","meta":{"footnotes":""},"class_list":["post-37","page","type-page","status-publish","hentry"],"yoast_head":"<!-- This site is optimized with the Yoast SEO plugin v24.9 - https:\/\/yoast.com\/wordpress\/plugins\/seo\/ -->\n<title>Despre noi - YouTour<\/title>\n<meta name=\"robots\" content=\"index, follow, max-snippet:-1, max-image-preview:large, max-video-preview:-1\" \/>\n<link rel=\"canonical\" href=\"https:\/\/youtour.ro\/ro\/despre-noi\/\" \/>\n<meta property=\"og:locale\" content=\"ro_RO\" \/>\n<meta property=\"og:type\" content=\"article\" \/>\n<meta property=\"og:title\" content=\"Despre noi - YouTour\" \/>\n<meta property=\"og:description\" content=\"Cine suntem Suntem o companie de turism la \u00eenceput de drum, dar avem experien\u021b\u0103 solid\u0103 \u00een domeniul turismului. Misiunea nostr\u0103 este s\u0103 oferim, cu profesionalism, servicii de calitate clien\u021bilor care ne acord\u0103Read More...\" \/>\n<meta property=\"og:url\" content=\"https:\/\/youtour.ro\/ro\/despre-noi\/\" \/>\n<meta property=\"og:site_name\" content=\"YouTour\" \/>\n<meta property=\"article:publisher\" content=\"https:\/\/www.facebook.com\/youtour.ro\" \/>\n<meta property=\"article:modified_time\" content=\"2024-01-31T09:15:20+00:00\" \/>\n<meta property=\"og:image\" content=\"https:\/\/youtour.ro\/wp-content\/uploads\/2023\/02\/Licenta-organizatoare-719x1024.jpeg\" \/>\n<meta name=\"twitter:card\" content=\"summary_large_image\" \/>\n<meta name=\"twitter:label1\" content=\"Timp estimat pentru citire\" \/>\n\t<meta name=\"twitter:data1\" content=\"2 minute\" \/>\n<script type=\"application\/ld+json\" class=\"yoast-schema-graph\">{\"@context\":\"https:\/\/schema.org\",\"@graph\":[{\"@type\":\"WebPage\",\"@id\":\"https:\/\/youtour.ro\/despre-noi\/\",\"url\":\"https:\/\/youtour.ro\/despre-noi\/\",\"name\":\"Despre noi - YouTour\",\"isPartOf\":{\"@id\":\"https:\/\/youtour.ro\/ro\/#website\"},\"primaryImageOfPage\":{\"@id\":\"https:\/\/youtour.ro\/despre-noi\/#primaryimage\"},\"image\":{\"@id\":\"https:\/\/youtour.ro\/despre-noi\/#primaryimage\"},\"thumbnailUrl\":\"https:\/\/youtour.ro\/wp-content\/uploads\/2023\/02\/Licenta-organizatoare-719x1024.jpeg\",\"datePublished\":\"2021-02-11T22:23:02+00:00\",\"dateModified\":\"2024-01-31T09:15:20+00:00\",\"breadcrumb\":{\"@id\":\"https:\/\/youtour.ro\/despre-noi\/#breadcrumb\"},\"inLanguage\":\"ro-RO\",\"potentialAction\":[{\"@type\":\"ReadAction\",\"target\":[\"https:\/\/youtour.ro\/despre-noi\/\"]}]},{\"@type\":\"ImageObject\",\"inLanguage\":\"ro-RO\",\"@id\":\"https:\/\/youtour.ro\/despre-noi\/#primaryimage\",\"url\":\"https:\/\/youtour.ro\/wp-content\/uploads\/2023\/02\/Licenta-organizatoare-719x1024.jpeg\",\"contentUrl\":\"https:\/\/youtour.ro\/wp-content\/uploads\/2023\/02\/Licenta-organizatoare-719x1024.jpeg\"},{\"@type\":\"BreadcrumbList\",\"@id\":\"https:\/\/youtour.ro\/despre-noi\/#breadcrumb\",\"itemListElement\":[{\"@type\":\"ListItem\",\"position\":1,\"name\":\"Prima pagin\u0103\",\"item\":\"https:\/\/youtour.ro\/ro\/\"},{\"@type\":\"ListItem\",\"position\":2,\"name\":\"Despre noi\"}]},{\"@type\":\"WebSite\",\"@id\":\"https:\/\/youtour.ro\/ro\/#website\",\"url\":\"https:\/\/youtour.ro\/ro\/\",\"name\":\"YouTour\",\"description\":\"Travel Company\",\"publisher\":{\"@id\":\"https:\/\/youtour.ro\/ro\/#organization\"},\"potentialAction\":[{\"@type\":\"SearchAction\",\"target\":{\"@type\":\"EntryPoint\",\"urlTemplate\":\"https:\/\/youtour.ro\/ro\/?s={search_term_string}\"},\"query-input\":{\"@type\":\"PropertyValueSpecification\",\"valueRequired\":true,\"valueName\":\"search_term_string\"}}],\"inLanguage\":\"ro-RO\"},{\"@type\":\"Organization\",\"@id\":\"https:\/\/youtour.ro\/ro\/#organization\",\"name\":\"YouTour\",\"url\":\"https:\/\/youtour.ro\/ro\/\",\"logo\":{\"@type\":\"ImageObject\",\"inLanguage\":\"ro-RO\",\"@id\":\"https:\/\/youtour.ro\/ro\/#\/schema\/logo\/image\/\",\"url\":\"https:\/\/youtour.ro\/wp-content\/uploads\/2021\/02\/making-memories.jpeg\",\"contentUrl\":\"https:\/\/youtour.ro\/wp-content\/uploads\/2021\/02\/making-memories.jpeg\",\"width\":1600,\"height\":1055,\"caption\":\"YouTour\"},\"image\":{\"@id\":\"https:\/\/youtour.ro\/ro\/#\/schema\/logo\/image\/\"},\"sameAs\":[\"https:\/\/www.facebook.com\/youtour.ro\",\"https:\/\/www.instagram.com\/youtour2\/\",\"https:\/\/www.youtube.com\/channel\/UCH5lYkKBP4cOG0vjHqA8tPw\"]}]}<\/script>\n<!-- \/ Yoast SEO plugin. -->","yoast_head_json":{"title":"Despre noi - YouTour","robots":{"index":"index","follow":"follow","max-snippet":"max-snippet:-1","max-image-preview":"max-image-preview:large","max-video-preview":"max-video-preview:-1"},"canonical":"https:\/\/youtour.ro\/ro\/despre-noi\/","og_locale":"ro_RO","og_type":"article","og_title":"Despre noi - YouTour","og_description":"Cine suntem Suntem o companie de turism la \u00eenceput de drum, dar avem experien\u021b\u0103 solid\u0103 \u00een domeniul turismului. Misiunea nostr\u0103 este s\u0103 oferim, cu profesionalism, servicii de calitate clien\u021bilor care ne acord\u0103Read More...","og_url":"https:\/\/youtour.ro\/ro\/despre-noi\/","og_site_name":"YouTour","article_publisher":"https:\/\/www.facebook.com\/youtour.ro","article_modified_time":"2024-01-31T09:15:20+00:00","og_image":[{"url":"https:\/\/youtour.ro\/wp-content\/uploads\/2023\/02\/Licenta-organizatoare-719x1024.jpeg","type":"","width":"","height":""}],"twitter_card":"summary_large_image","twitter_misc":{"Timp estimat pentru citire":"2 minute"},"schema":{"@context":"https:\/\/schema.org","@graph":[{"@type":"WebPage","@id":"https:\/\/youtour.ro\/despre-noi\/","url":"https:\/\/youtour.ro\/despre-noi\/","name":"Despre noi - YouTour","isPartOf":{"@id":"https:\/\/youtour.ro\/ro\/#website"},"primaryImageOfPage":{"@id":"https:\/\/youtour.ro\/despre-noi\/#primaryimage"},"image":{"@id":"https:\/\/youtour.ro\/despre-noi\/#primaryimage"},"thumbnailUrl":"https:\/\/youtour.ro\/wp-content\/uploads\/2023\/02\/Licenta-organizatoare-719x1024.jpeg","datePublished":"2021-02-11T22:23:02+00:00","dateModified":"2024-01-31T09:15:20+00:00","breadcrumb":{"@id":"https:\/\/youtour.ro\/despre-noi\/#breadcrumb"},"inLanguage":"ro-RO","potentialAction":[{"@type":"ReadAction","target":["https:\/\/youtour.ro\/despre-noi\/"]}]},{"@type":"ImageObject","inLanguage":"ro-RO","@id":"https:\/\/youtour.ro\/despre-noi\/#primaryimage","url":"https:\/\/youtour.ro\/wp-content\/uploads\/2023\/02\/Licenta-organizatoare-719x1024.jpeg","contentUrl":"https:\/\/youtour.ro\/wp-content\/uploads\/2023\/02\/Licenta-organizatoare-719x1024.jpeg"},{"@type":"BreadcrumbList","@id":"https:\/\/youtour.ro\/despre-noi\/#breadcrumb","itemListElement":[{"@type":"ListItem","position":1,"name":"Prima pagin\u0103","item":"https:\/\/youtour.ro\/ro\/"},{"@type":"ListItem","position":2,"name":"Despre noi"}]},{"@type":"WebSite","@id":"https:\/\/youtour.ro\/ro\/#website","url":"https:\/\/youtour.ro\/ro\/","name":"YouTour","description":"Travel Company","publisher":{"@id":"https:\/\/youtour.ro\/ro\/#organization"},"potentialAction":[{"@type":"SearchAction","target":{"@type":"EntryPoint","urlTemplate":"https:\/\/youtour.ro\/ro\/?s={search_term_string}"},"query-input":{"@type":"PropertyValueSpecification","valueRequired":true,"valueName":"search_term_string"}}],"inLanguage":"ro-RO"},{"@type":"Organization","@id":"https:\/\/youtour.ro\/ro\/#organization","name":"YouTour","url":"https:\/\/youtour.ro\/ro\/","logo":{"@type":"ImageObject","inLanguage":"ro-RO","@id":"https:\/\/youtour.ro\/ro\/#\/schema\/logo\/image\/","url":"https:\/\/youtour.ro\/wp-content\/uploads\/2021\/02\/making-memories.jpeg","contentUrl":"https:\/\/youtour.ro\/wp-content\/uploads\/2021\/02\/making-memories.jpeg","width":1600,"height":1055,"caption":"YouTour"},"image":{"@id":"https:\/\/youtour.ro\/ro\/#\/schema\/logo\/image\/"},"sameAs":["https:\/\/www.facebook.com\/youtour.ro","https:\/\/www.instagram.com\/youtour2\/","https:\/\/www.youtube.com\/channel\/UCH5lYkKBP4cOG0vjHqA8tPw"]}]}},"_links":{"self":[{"href":"https:\/\/youtour.ro\/ro\/wp-json\/wp\/v2\/pages\/37","targetHints":{"allow":["GET"]}}],"collection":[{"href":"https:\/\/youtour.ro\/ro\/wp-json\/wp\/v2\/pages"}],"about":[{"href":"https:\/\/youtour.ro\/ro\/wp-json\/wp\/v2\/types\/page"}],"author":[{"embeddable":true,"href":"https:\/\/youtour.ro\/ro\/wp-json\/wp\/v2\/users\/1"}],"replies":[{"embeddable":true,"href":"https:\/\/youtour.ro\/ro\/wp-json\/wp\/v2\/comments?post=37"}],"version-history":[{"count":14,"href":"https:\/\/youtour.ro\/ro\/wp-json\/wp\/v2\/pages\/37\/revisions"}],"predecessor-version":[{"id":536,"href":"https:\/\/youtour.ro\/ro\/wp-json\/wp\/v2\/pages\/37\/revisions\/536"}],"wp:attachment":[{"href":"https:\/\/youtour.ro\/ro\/wp-json\/wp\/v2\/media?parent=37"}],"curies":[{"name":"wp","href":"https:\/\/api.w.org\/{rel}","templated":true}]}}