{"id":476,"date":"2022-09-19T11:12:27","date_gmt":"2022-09-19T09:12:27","guid":{"rendered":"https:\/\/youtour.ro\/?page_id=476"},"modified":"2025-11-04T15:34:20","modified_gmt":"2025-11-04T13:34:20","slug":"cretadincraiova","status":"publish","type":"page","link":"https:\/\/youtour.ro\/ro\/cretadincraiova\/","title":{"rendered":"CRETA &#8211; Pachete cu zbor charter din Craiova"},"content":{"rendered":"\n<p>Zboar\u0103 direct din Craiova spre superba insul\u0103 greceasc\u0103 &#8211; Creta!<\/p>\n\n\n\n<p><strong>Perioada de operare: 03 iunie &#8211; 23 septembrie 2026<\/strong><\/p>\n\n\n\n<p>entru o ofert\u0103 personalizat\u0103, v\u0103 rug\u0103m s\u0103 completa\u021bi formularul de <strong><a href=\"https:\/\/youtour.ro\/ro\/solicita-oferta\/\">AICI<\/a>.<\/strong> (dureaz\u0103 doar 1 minut \u0219i \u00ee\u021bi promitem c\u0103 revenim cu o ofert\u0103 ne nerefuzat)<\/p>\n\n\n\n<p><strong>Pachetele turistice de 6 nop\u021bi includ:<\/strong><\/p>\n\n\n\n<ul class=\"wp-block-list\">\n<li>zbor charter Craiova &#8211; Creta Heraklion &#8211; Craiova cu bagaj la cal\u0103 si bagaj de m\u00e2n\u0103<\/li>\n\n\n\n<li>transfer aeroport-hotel-aeroport<\/li>\n\n\n\n<li>cazare 7 nop\u021bi cu tipul de masa specificat<\/li>\n\n\n\n<li>asisten\u021b\u0103 turistic\u0103<\/li>\n<\/ul>\n\n\n\n<p>Mai multe oferte disponibile complet\u00e2nd formularul de <strong><a href=\"https:\/\/youtour.ro\/ro\/solicita-oferta\/\">AICI <\/a><\/strong>sau apel\u00e2nd la sec\u021biunea <strong><a href=\"https:\/\/youtour.ro\/ro\/contact\/\">CONTACT<\/a><\/strong>.<\/p>\n\n\n\n<p><\/p>\n\n\n\n<p><\/p>\n\n\n\n<p><\/p>\n\n\n\n<p><\/p>\n\n\n\n<p><\/p>\n\n\n\n<p><\/p>\n","protected":false},"excerpt":{"rendered":"<p>Zboar\u0103 direct din Craiova spre superba insul\u0103 greceasc\u0103 &#8211; Creta! Perioada de operare: 03 iunie &#8211; 23 septembrie 2026 entru o ofert\u0103 personalizat\u0103, v\u0103 rug\u0103m s\u0103 completa\u021bi formularul de AICI. (dureaz\u0103 doar<a class=\"moretag\" href=\"https:\/\/youtour.ro\/ro\/cretadincraiova\/\">Read More&#8230;<\/a><\/p>\n","protected":false},"author":1,"featured_media":560,"parent":0,"menu_order":0,"comment_status":"closed","ping_status":"closed","template":"","meta":{"footnotes":""},"class_list":["post-476","page","type-page","status-publish","has-post-thumbnail","hentry"],"yoast_head":"<!-- This site is optimized with the Yoast SEO plugin v24.9 - https:\/\/yoast.com\/wordpress\/plugins\/seo\/ -->\n<title>CRETA - Pachete cu zbor charter din Craiova - YouTour<\/title>\n<meta name=\"description\" content=\"Petrece Revelionul \u00een Bansko, cea mai cunoscut\u0103 sta\u021biune montan\u0103 din Sud-Estul Europei. Tarife de la 255 euro\/persoan\u0103.\" \/>\n<meta name=\"robots\" content=\"index, follow, max-snippet:-1, max-image-preview:large, max-video-preview:-1\" \/>\n<link rel=\"canonical\" href=\"https:\/\/youtour.ro\/ro\/cretadincraiova\/\" \/>\n<meta property=\"og:locale\" content=\"ro_RO\" \/>\n<meta property=\"og:type\" content=\"article\" \/>\n<meta property=\"og:title\" content=\"CRETA - Pachete cu zbor charter din Craiova - YouTour\" \/>\n<meta property=\"og:description\" content=\"Petrece Revelionul \u00een Bansko, cea mai cunoscut\u0103 sta\u021biune montan\u0103 din Sud-Estul Europei. Tarife de la 255 euro\/persoan\u0103.\" \/>\n<meta property=\"og:url\" content=\"https:\/\/youtour.ro\/ro\/cretadincraiova\/\" \/>\n<meta property=\"og:site_name\" content=\"YouTour\" \/>\n<meta property=\"article:publisher\" content=\"https:\/\/www.facebook.com\/youtour.ro\" \/>\n<meta property=\"article:modified_time\" content=\"2025-11-04T13:34:20+00:00\" \/>\n<meta property=\"og:image\" content=\"https:\/\/youtour.ro\/wp-content\/uploads\/2025\/11\/Creta.jpg\" \/>\n\t<meta property=\"og:image:width\" content=\"1440\" \/>\n\t<meta property=\"og:image:height\" content=\"1542\" \/>\n\t<meta property=\"og:image:type\" content=\"image\/jpeg\" \/>\n<meta name=\"twitter:card\" content=\"summary_large_image\" \/>\n<meta name=\"twitter:label1\" content=\"Timp estimat pentru citire\" \/>\n\t<meta name=\"twitter:data1\" content=\"1 minut\" \/>\n<script type=\"application\/ld+json\" class=\"yoast-schema-graph\">{\"@context\":\"https:\/\/schema.org\",\"@graph\":[{\"@type\":\"WebPage\",\"@id\":\"https:\/\/youtour.ro\/cretadincraiova\/\",\"url\":\"https:\/\/youtour.ro\/cretadincraiova\/\",\"name\":\"CRETA - Pachete cu zbor charter din Craiova - YouTour\",\"isPartOf\":{\"@id\":\"https:\/\/youtour.ro\/ro\/#website\"},\"primaryImageOfPage\":{\"@id\":\"https:\/\/youtour.ro\/cretadincraiova\/#primaryimage\"},\"image\":{\"@id\":\"https:\/\/youtour.ro\/cretadincraiova\/#primaryimage\"},\"thumbnailUrl\":\"https:\/\/youtour.ro\/wp-content\/uploads\/2025\/11\/Creta.jpg\",\"datePublished\":\"2022-09-19T09:12:27+00:00\",\"dateModified\":\"2025-11-04T13:34:20+00:00\",\"description\":\"Petrece Revelionul \u00een Bansko, cea mai cunoscut\u0103 sta\u021biune montan\u0103 din Sud-Estul Europei. Tarife de la 255 euro\/persoan\u0103.\",\"breadcrumb\":{\"@id\":\"https:\/\/youtour.ro\/cretadincraiova\/#breadcrumb\"},\"inLanguage\":\"ro-RO\",\"potentialAction\":[{\"@type\":\"ReadAction\",\"target\":[\"https:\/\/youtour.ro\/cretadincraiova\/\"]}]},{\"@type\":\"ImageObject\",\"inLanguage\":\"ro-RO\",\"@id\":\"https:\/\/youtour.ro\/cretadincraiova\/#primaryimage\",\"url\":\"https:\/\/youtour.ro\/wp-content\/uploads\/2025\/11\/Creta.jpg\",\"contentUrl\":\"https:\/\/youtour.ro\/wp-content\/uploads\/2025\/11\/Creta.jpg\",\"width\":1440,\"height\":1542},{\"@type\":\"BreadcrumbList\",\"@id\":\"https:\/\/youtour.ro\/cretadincraiova\/#breadcrumb\",\"itemListElement\":[{\"@type\":\"ListItem\",\"position\":1,\"name\":\"Prima pagin\u0103\",\"item\":\"https:\/\/youtour.ro\/ro\/\"},{\"@type\":\"ListItem\",\"position\":2,\"name\":\"CRETA &#8211; Pachete cu zbor charter din Craiova\"}]},{\"@type\":\"WebSite\",\"@id\":\"https:\/\/youtour.ro\/ro\/#website\",\"url\":\"https:\/\/youtour.ro\/ro\/\",\"name\":\"YouTour\",\"description\":\"Travel Company\",\"publisher\":{\"@id\":\"https:\/\/youtour.ro\/ro\/#organization\"},\"potentialAction\":[{\"@type\":\"SearchAction\",\"target\":{\"@type\":\"EntryPoint\",\"urlTemplate\":\"https:\/\/youtour.ro\/ro\/?s={search_term_string}\"},\"query-input\":{\"@type\":\"PropertyValueSpecification\",\"valueRequired\":true,\"valueName\":\"search_term_string\"}}],\"inLanguage\":\"ro-RO\"},{\"@type\":\"Organization\",\"@id\":\"https:\/\/youtour.ro\/ro\/#organization\",\"name\":\"YouTour\",\"url\":\"https:\/\/youtour.ro\/ro\/\",\"logo\":{\"@type\":\"ImageObject\",\"inLanguage\":\"ro-RO\",\"@id\":\"https:\/\/youtour.ro\/ro\/#\/schema\/logo\/image\/\",\"url\":\"https:\/\/youtour.ro\/wp-content\/uploads\/2021\/02\/making-memories.jpeg\",\"contentUrl\":\"https:\/\/youtour.ro\/wp-content\/uploads\/2021\/02\/making-memories.jpeg\",\"width\":1600,\"height\":1055,\"caption\":\"YouTour\"},\"image\":{\"@id\":\"https:\/\/youtour.ro\/ro\/#\/schema\/logo\/image\/\"},\"sameAs\":[\"https:\/\/www.facebook.com\/youtour.ro\",\"https:\/\/www.instagram.com\/youtour2\/\",\"https:\/\/www.youtube.com\/channel\/UCH5lYkKBP4cOG0vjHqA8tPw\"]}]}<\/script>\n<!-- \/ Yoast SEO plugin. -->","yoast_head_json":{"title":"CRETA - Pachete cu zbor charter din Craiova - YouTour","description":"Petrece Revelionul \u00een Bansko, cea mai cunoscut\u0103 sta\u021biune montan\u0103 din Sud-Estul Europei. Tarife de la 255 euro\/persoan\u0103.","robots":{"index":"index","follow":"follow","max-snippet":"max-snippet:-1","max-image-preview":"max-image-preview:large","max-video-preview":"max-video-preview:-1"},"canonical":"https:\/\/youtour.ro\/ro\/cretadincraiova\/","og_locale":"ro_RO","og_type":"article","og_title":"CRETA - Pachete cu zbor charter din Craiova - YouTour","og_description":"Petrece Revelionul \u00een Bansko, cea mai cunoscut\u0103 sta\u021biune montan\u0103 din Sud-Estul Europei. Tarife de la 255 euro\/persoan\u0103.","og_url":"https:\/\/youtour.ro\/ro\/cretadincraiova\/","og_site_name":"YouTour","article_publisher":"https:\/\/www.facebook.com\/youtour.ro","article_modified_time":"2025-11-04T13:34:20+00:00","og_image":[{"width":1440,"height":1542,"url":"https:\/\/youtour.ro\/wp-content\/uploads\/2025\/11\/Creta.jpg","type":"image\/jpeg"}],"twitter_card":"summary_large_image","twitter_misc":{"Timp estimat pentru citire":"1 minut"},"schema":{"@context":"https:\/\/schema.org","@graph":[{"@type":"WebPage","@id":"https:\/\/youtour.ro\/cretadincraiova\/","url":"https:\/\/youtour.ro\/cretadincraiova\/","name":"CRETA - Pachete cu zbor charter din Craiova - YouTour","isPartOf":{"@id":"https:\/\/youtour.ro\/ro\/#website"},"primaryImageOfPage":{"@id":"https:\/\/youtour.ro\/cretadincraiova\/#primaryimage"},"image":{"@id":"https:\/\/youtour.ro\/cretadincraiova\/#primaryimage"},"thumbnailUrl":"https:\/\/youtour.ro\/wp-content\/uploads\/2025\/11\/Creta.jpg","datePublished":"2022-09-19T09:12:27+00:00","dateModified":"2025-11-04T13:34:20+00:00","description":"Petrece Revelionul \u00een Bansko, cea mai cunoscut\u0103 sta\u021biune montan\u0103 din Sud-Estul Europei. Tarife de la 255 euro\/persoan\u0103.","breadcrumb":{"@id":"https:\/\/youtour.ro\/cretadincraiova\/#breadcrumb"},"inLanguage":"ro-RO","potentialAction":[{"@type":"ReadAction","target":["https:\/\/youtour.ro\/cretadincraiova\/"]}]},{"@type":"ImageObject","inLanguage":"ro-RO","@id":"https:\/\/youtour.ro\/cretadincraiova\/#primaryimage","url":"https:\/\/youtour.ro\/wp-content\/uploads\/2025\/11\/Creta.jpg","contentUrl":"https:\/\/youtour.ro\/wp-content\/uploads\/2025\/11\/Creta.jpg","width":1440,"height":1542},{"@type":"BreadcrumbList","@id":"https:\/\/youtour.ro\/cretadincraiova\/#breadcrumb","itemListElement":[{"@type":"ListItem","position":1,"name":"Prima pagin\u0103","item":"https:\/\/youtour.ro\/ro\/"},{"@type":"ListItem","position":2,"name":"CRETA &#8211; Pachete cu zbor charter din Craiova"}]},{"@type":"WebSite","@id":"https:\/\/youtour.ro\/ro\/#website","url":"https:\/\/youtour.ro\/ro\/","name":"YouTour","description":"Travel Company","publisher":{"@id":"https:\/\/youtour.ro\/ro\/#organization"},"potentialAction":[{"@type":"SearchAction","target":{"@type":"EntryPoint","urlTemplate":"https:\/\/youtour.ro\/ro\/?s={search_term_string}"},"query-input":{"@type":"PropertyValueSpecification","valueRequired":true,"valueName":"search_term_string"}}],"inLanguage":"ro-RO"},{"@type":"Organization","@id":"https:\/\/youtour.ro\/ro\/#organization","name":"YouTour","url":"https:\/\/youtour.ro\/ro\/","logo":{"@type":"ImageObject","inLanguage":"ro-RO","@id":"https:\/\/youtour.ro\/ro\/#\/schema\/logo\/image\/","url":"https:\/\/youtour.ro\/wp-content\/uploads\/2021\/02\/making-memories.jpeg","contentUrl":"https:\/\/youtour.ro\/wp-content\/uploads\/2021\/02\/making-memories.jpeg","width":1600,"height":1055,"caption":"YouTour"},"image":{"@id":"https:\/\/youtour.ro\/ro\/#\/schema\/logo\/image\/"},"sameAs":["https:\/\/www.facebook.com\/youtour.ro","https:\/\/www.instagram.com\/youtour2\/","https:\/\/www.youtube.com\/channel\/UCH5lYkKBP4cOG0vjHqA8tPw"]}]}},"_links":{"self":[{"href":"https:\/\/youtour.ro\/ro\/wp-json\/wp\/v2\/pages\/476","targetHints":{"allow":["GET"]}}],"collection":[{"href":"https:\/\/youtour.ro\/ro\/wp-json\/wp\/v2\/pages"}],"about":[{"href":"https:\/\/youtour.ro\/ro\/wp-json\/wp\/v2\/types\/page"}],"author":[{"embeddable":true,"href":"https:\/\/youtour.ro\/ro\/wp-json\/wp\/v2\/users\/1"}],"replies":[{"embeddable":true,"href":"https:\/\/youtour.ro\/ro\/wp-json\/wp\/v2\/comments?post=476"}],"version-history":[{"count":4,"href":"https:\/\/youtour.ro\/ro\/wp-json\/wp\/v2\/pages\/476\/revisions"}],"predecessor-version":[{"id":557,"href":"https:\/\/youtour.ro\/ro\/wp-json\/wp\/v2\/pages\/476\/revisions\/557"}],"wp:featuredmedia":[{"embeddable":true,"href":"https:\/\/youtour.ro\/ro\/wp-json\/wp\/v2\/media\/560"}],"wp:attachment":[{"href":"https:\/\/youtour.ro\/ro\/wp-json\/wp\/v2\/media?parent=476"}],"curies":[{"name":"wp","href":"https:\/\/api.w.org\/{rel}","templated":true}]}}