{"id":496,"date":"2022-09-19T13:10:25","date_gmt":"2022-09-19T11:10:25","guid":{"rendered":"https:\/\/youtour.ro\/?page_id=496"},"modified":"2023-02-16T15:43:46","modified_gmt":"2023-02-16T13:43:46","slug":"revelion-in-dubai-zbor-charter-din-bucuresti","status":"publish","type":"page","link":"https:\/\/youtour.ro\/ro\/revelion-in-dubai-zbor-charter-din-bucuresti\/","title":{"rendered":"Vacan\u021b\u0103 \u00een TUNISIA &#8211; zbor charter din Craiova!"},"content":{"rendered":"\n<p><strong>Perioada propus\u0103: 7 &#8211; 14 iunie 2023 (7 nop\u021bi)<\/strong><\/p>\n\n\n\n<p><strong>Occidental Sousse Marhaba 4*<\/strong> &#8211; 489 euro (all inclusive)<\/p>\n\n\n\n<p><strong>Marhaba Club 4<\/strong>* &#8211; 509 euro\/persoan\u0103 (all inclusive)<\/p>\n\n\n\n<p><strong>Sentido Bellevue Park 5*<\/strong> &#8211; 609 euro\/persoan\u0103 (all inclusive)<\/p>\n\n\n\n<p><strong>Jaz Tour Khalef 5*<\/strong> &#8211; 689 euro\/persoan\u0103 (all inclusive)<\/p>\n\n\n\n<p><strong>Steigenberger Marhaba Thalasso Hammamet Hotel<\/strong> 5<strong>*<\/strong> &#8211; 699 euro\/persoan\u0103 (all inclusive)<\/p>\n\n\n\n<p><strong>Iberostar Kuriat Palace 5*<\/strong> &#8211; 869 euro\/persoan\u0103  (all inclusive)<\/p>\n\n\n\n<p><strong>Les Orangers Garden Villas and Bungalows<\/strong> 5<strong>* <\/strong>&#8211; 919 euro\/persoan\u0103 (ultra all inclusive)<\/p>\n\n\n\n<p><strong>Pachetul include:<\/strong><\/p>\n\n\n\n<ul class=\"wp-block-list\">\n<li>zbor charter Craiova &#8211; Monastir &#8211; Craiova cu bagaj la cal\u0103 20 kg si bagaj de m\u00e2n\u0103 10 kg<\/li>\n\n\n\n<li>transfer aeroport-hotel-aeroport<\/li>\n\n\n\n<li>cazare 7 nop\u021bi cu mic dejun<\/li>\n\n\n\n<li>asisten\u021b\u0103 turistic\u0103<\/li>\n<\/ul>\n\n\n\n<p><strong>Pachetul nu include:<\/strong><\/p>\n\n\n\n<ul class=\"wp-block-list\">\n<li>asigur\u0103ri medicale \u0219i storno.<\/li>\n<\/ul>\n\n\n\n<p>Mai multe oferte disponibile complet\u00e2nd \u00een doar 1 minut formularul de&nbsp;<strong><a href=\"https:\/\/youtour.ro\/ro\/solicita-oferta\/?customize_changeset_uuid=b2a3eacc-039f-47ce-967b-27386e40bf10&amp;customize_messenger_channel=preview-0\">AICI&nbsp;<\/a><\/strong>sau apel\u00e2nd la sec\u021biunea&nbsp;<strong><a href=\"https:\/\/youtour.ro\/ro\/contact\/?customize_changeset_uuid=b2a3eacc-039f-47ce-967b-27386e40bf10&amp;customize_messenger_channel=preview-0\">CONTACT<\/a><\/strong>.<\/p>\n\n\n\n<p><strong>Tarifele sunt disponibile \u00een momentul post\u0103rii acestei oferte, \u00een limita locurilor disponibile la acest pre\u021b.<\/strong><\/p>\n","protected":false},"excerpt":{"rendered":"<p>Perioada propus\u0103: 7 &#8211; 14 iunie 2023 (7 nop\u021bi) Occidental Sousse Marhaba 4* &#8211; 489 euro (all inclusive) Marhaba Club 4* &#8211; 509 euro\/persoan\u0103 (all inclusive) Sentido Bellevue Park 5* &#8211; 609<a class=\"moretag\" href=\"https:\/\/youtour.ro\/ro\/revelion-in-dubai-zbor-charter-din-bucuresti\/\">Read More&#8230;<\/a><\/p>\n","protected":false},"author":1,"featured_media":524,"parent":0,"menu_order":0,"comment_status":"closed","ping_status":"closed","template":"","meta":{"footnotes":""},"class_list":["post-496","page","type-page","status-publish","has-post-thumbnail","hentry"],"yoast_head":"<!-- This site is optimized with the Yoast SEO plugin v24.9 - https:\/\/yoast.com\/wordpress\/plugins\/seo\/ -->\n<title>Vacan\u021b\u0103 \u00een TUNISIA - zbor charter din Craiova! - YouTour<\/title>\n<meta name=\"description\" content=\"Petrece Revelionul \u00een cea mai populara destina\u021bie a iernii 2022-2023, Dubai, Emiratele Arabe Unite, cu zbor charter din Bucure\u0219ti.\" \/>\n<meta name=\"robots\" content=\"index, follow, max-snippet:-1, max-image-preview:large, max-video-preview:-1\" \/>\n<link rel=\"canonical\" href=\"https:\/\/youtour.ro\/ro\/revelion-in-dubai-zbor-charter-din-bucuresti\/\" \/>\n<meta property=\"og:locale\" content=\"ro_RO\" \/>\n<meta property=\"og:type\" content=\"article\" \/>\n<meta property=\"og:title\" content=\"Vacan\u021b\u0103 \u00een TUNISIA - zbor charter din Craiova! - YouTour\" \/>\n<meta property=\"og:description\" content=\"Petrece Revelionul \u00een cea mai populara destina\u021bie a iernii 2022-2023, Dubai, Emiratele Arabe Unite, cu zbor charter din Bucure\u0219ti.\" \/>\n<meta property=\"og:url\" content=\"https:\/\/youtour.ro\/ro\/revelion-in-dubai-zbor-charter-din-bucuresti\/\" \/>\n<meta property=\"og:site_name\" content=\"YouTour\" \/>\n<meta property=\"article:publisher\" content=\"https:\/\/www.facebook.com\/youtour.ro\" \/>\n<meta property=\"article:modified_time\" content=\"2023-02-16T13:43:46+00:00\" \/>\n<meta property=\"og:image\" content=\"https:\/\/youtour.ro\/wp-content\/uploads\/2023\/02\/tunisia.jpeg\" \/>\n\t<meta property=\"og:image:width\" content=\"2000\" \/>\n\t<meta property=\"og:image:height\" content=\"1126\" \/>\n\t<meta property=\"og:image:type\" content=\"image\/jpeg\" \/>\n<meta name=\"twitter:card\" content=\"summary_large_image\" \/>\n<meta name=\"twitter:label1\" content=\"Timp estimat pentru citire\" \/>\n\t<meta name=\"twitter:data1\" content=\"1 minut\" \/>\n<script type=\"application\/ld+json\" class=\"yoast-schema-graph\">{\"@context\":\"https:\/\/schema.org\",\"@graph\":[{\"@type\":\"WebPage\",\"@id\":\"https:\/\/youtour.ro\/revelion-in-dubai-zbor-charter-din-bucuresti\/\",\"url\":\"https:\/\/youtour.ro\/revelion-in-dubai-zbor-charter-din-bucuresti\/\",\"name\":\"Vacan\u021b\u0103 \u00een TUNISIA - zbor charter din Craiova! - YouTour\",\"isPartOf\":{\"@id\":\"https:\/\/youtour.ro\/ro\/#website\"},\"primaryImageOfPage\":{\"@id\":\"https:\/\/youtour.ro\/revelion-in-dubai-zbor-charter-din-bucuresti\/#primaryimage\"},\"image\":{\"@id\":\"https:\/\/youtour.ro\/revelion-in-dubai-zbor-charter-din-bucuresti\/#primaryimage\"},\"thumbnailUrl\":\"https:\/\/youtour.ro\/wp-content\/uploads\/2023\/02\/tunisia.jpeg\",\"datePublished\":\"2022-09-19T11:10:25+00:00\",\"dateModified\":\"2023-02-16T13:43:46+00:00\",\"description\":\"Petrece Revelionul \u00een cea mai populara destina\u021bie a iernii 2022-2023, Dubai, Emiratele Arabe Unite, cu zbor charter din Bucure\u0219ti.\",\"breadcrumb\":{\"@id\":\"https:\/\/youtour.ro\/revelion-in-dubai-zbor-charter-din-bucuresti\/#breadcrumb\"},\"inLanguage\":\"ro-RO\",\"potentialAction\":[{\"@type\":\"ReadAction\",\"target\":[\"https:\/\/youtour.ro\/revelion-in-dubai-zbor-charter-din-bucuresti\/\"]}]},{\"@type\":\"ImageObject\",\"inLanguage\":\"ro-RO\",\"@id\":\"https:\/\/youtour.ro\/revelion-in-dubai-zbor-charter-din-bucuresti\/#primaryimage\",\"url\":\"https:\/\/youtour.ro\/wp-content\/uploads\/2023\/02\/tunisia.jpeg\",\"contentUrl\":\"https:\/\/youtour.ro\/wp-content\/uploads\/2023\/02\/tunisia.jpeg\",\"width\":2000,\"height\":1126,\"caption\":\"Tunisia\"},{\"@type\":\"BreadcrumbList\",\"@id\":\"https:\/\/youtour.ro\/revelion-in-dubai-zbor-charter-din-bucuresti\/#breadcrumb\",\"itemListElement\":[{\"@type\":\"ListItem\",\"position\":1,\"name\":\"Prima pagin\u0103\",\"item\":\"https:\/\/youtour.ro\/ro\/\"},{\"@type\":\"ListItem\",\"position\":2,\"name\":\"Vacan\u021b\u0103 \u00een TUNISIA &#8211; zbor charter din Craiova!\"}]},{\"@type\":\"WebSite\",\"@id\":\"https:\/\/youtour.ro\/ro\/#website\",\"url\":\"https:\/\/youtour.ro\/ro\/\",\"name\":\"YouTour\",\"description\":\"Travel Company\",\"publisher\":{\"@id\":\"https:\/\/youtour.ro\/ro\/#organization\"},\"potentialAction\":[{\"@type\":\"SearchAction\",\"target\":{\"@type\":\"EntryPoint\",\"urlTemplate\":\"https:\/\/youtour.ro\/ro\/?s={search_term_string}\"},\"query-input\":{\"@type\":\"PropertyValueSpecification\",\"valueRequired\":true,\"valueName\":\"search_term_string\"}}],\"inLanguage\":\"ro-RO\"},{\"@type\":\"Organization\",\"@id\":\"https:\/\/youtour.ro\/ro\/#organization\",\"name\":\"YouTour\",\"url\":\"https:\/\/youtour.ro\/ro\/\",\"logo\":{\"@type\":\"ImageObject\",\"inLanguage\":\"ro-RO\",\"@id\":\"https:\/\/youtour.ro\/ro\/#\/schema\/logo\/image\/\",\"url\":\"https:\/\/youtour.ro\/wp-content\/uploads\/2021\/02\/making-memories.jpeg\",\"contentUrl\":\"https:\/\/youtour.ro\/wp-content\/uploads\/2021\/02\/making-memories.jpeg\",\"width\":1600,\"height\":1055,\"caption\":\"YouTour\"},\"image\":{\"@id\":\"https:\/\/youtour.ro\/ro\/#\/schema\/logo\/image\/\"},\"sameAs\":[\"https:\/\/www.facebook.com\/youtour.ro\",\"https:\/\/www.instagram.com\/youtour2\/\",\"https:\/\/www.youtube.com\/channel\/UCH5lYkKBP4cOG0vjHqA8tPw\"]}]}<\/script>\n<!-- \/ Yoast SEO plugin. -->","yoast_head_json":{"title":"Vacan\u021b\u0103 \u00een TUNISIA - zbor charter din Craiova! - YouTour","description":"Petrece Revelionul \u00een cea mai populara destina\u021bie a iernii 2022-2023, Dubai, Emiratele Arabe Unite, cu zbor charter din Bucure\u0219ti.","robots":{"index":"index","follow":"follow","max-snippet":"max-snippet:-1","max-image-preview":"max-image-preview:large","max-video-preview":"max-video-preview:-1"},"canonical":"https:\/\/youtour.ro\/ro\/revelion-in-dubai-zbor-charter-din-bucuresti\/","og_locale":"ro_RO","og_type":"article","og_title":"Vacan\u021b\u0103 \u00een TUNISIA - zbor charter din Craiova! - YouTour","og_description":"Petrece Revelionul \u00een cea mai populara destina\u021bie a iernii 2022-2023, Dubai, Emiratele Arabe Unite, cu zbor charter din Bucure\u0219ti.","og_url":"https:\/\/youtour.ro\/ro\/revelion-in-dubai-zbor-charter-din-bucuresti\/","og_site_name":"YouTour","article_publisher":"https:\/\/www.facebook.com\/youtour.ro","article_modified_time":"2023-02-16T13:43:46+00:00","og_image":[{"width":2000,"height":1126,"url":"https:\/\/youtour.ro\/wp-content\/uploads\/2023\/02\/tunisia.jpeg","type":"image\/jpeg"}],"twitter_card":"summary_large_image","twitter_misc":{"Timp estimat pentru citire":"1 minut"},"schema":{"@context":"https:\/\/schema.org","@graph":[{"@type":"WebPage","@id":"https:\/\/youtour.ro\/revelion-in-dubai-zbor-charter-din-bucuresti\/","url":"https:\/\/youtour.ro\/revelion-in-dubai-zbor-charter-din-bucuresti\/","name":"Vacan\u021b\u0103 \u00een TUNISIA - zbor charter din Craiova! - YouTour","isPartOf":{"@id":"https:\/\/youtour.ro\/ro\/#website"},"primaryImageOfPage":{"@id":"https:\/\/youtour.ro\/revelion-in-dubai-zbor-charter-din-bucuresti\/#primaryimage"},"image":{"@id":"https:\/\/youtour.ro\/revelion-in-dubai-zbor-charter-din-bucuresti\/#primaryimage"},"thumbnailUrl":"https:\/\/youtour.ro\/wp-content\/uploads\/2023\/02\/tunisia.jpeg","datePublished":"2022-09-19T11:10:25+00:00","dateModified":"2023-02-16T13:43:46+00:00","description":"Petrece Revelionul \u00een cea mai populara destina\u021bie a iernii 2022-2023, Dubai, Emiratele Arabe Unite, cu zbor charter din Bucure\u0219ti.","breadcrumb":{"@id":"https:\/\/youtour.ro\/revelion-in-dubai-zbor-charter-din-bucuresti\/#breadcrumb"},"inLanguage":"ro-RO","potentialAction":[{"@type":"ReadAction","target":["https:\/\/youtour.ro\/revelion-in-dubai-zbor-charter-din-bucuresti\/"]}]},{"@type":"ImageObject","inLanguage":"ro-RO","@id":"https:\/\/youtour.ro\/revelion-in-dubai-zbor-charter-din-bucuresti\/#primaryimage","url":"https:\/\/youtour.ro\/wp-content\/uploads\/2023\/02\/tunisia.jpeg","contentUrl":"https:\/\/youtour.ro\/wp-content\/uploads\/2023\/02\/tunisia.jpeg","width":2000,"height":1126,"caption":"Tunisia"},{"@type":"BreadcrumbList","@id":"https:\/\/youtour.ro\/revelion-in-dubai-zbor-charter-din-bucuresti\/#breadcrumb","itemListElement":[{"@type":"ListItem","position":1,"name":"Prima pagin\u0103","item":"https:\/\/youtour.ro\/ro\/"},{"@type":"ListItem","position":2,"name":"Vacan\u021b\u0103 \u00een TUNISIA &#8211; zbor charter din Craiova!"}]},{"@type":"WebSite","@id":"https:\/\/youtour.ro\/ro\/#website","url":"https:\/\/youtour.ro\/ro\/","name":"YouTour","description":"Travel Company","publisher":{"@id":"https:\/\/youtour.ro\/ro\/#organization"},"potentialAction":[{"@type":"SearchAction","target":{"@type":"EntryPoint","urlTemplate":"https:\/\/youtour.ro\/ro\/?s={search_term_string}"},"query-input":{"@type":"PropertyValueSpecification","valueRequired":true,"valueName":"search_term_string"}}],"inLanguage":"ro-RO"},{"@type":"Organization","@id":"https:\/\/youtour.ro\/ro\/#organization","name":"YouTour","url":"https:\/\/youtour.ro\/ro\/","logo":{"@type":"ImageObject","inLanguage":"ro-RO","@id":"https:\/\/youtour.ro\/ro\/#\/schema\/logo\/image\/","url":"https:\/\/youtour.ro\/wp-content\/uploads\/2021\/02\/making-memories.jpeg","contentUrl":"https:\/\/youtour.ro\/wp-content\/uploads\/2021\/02\/making-memories.jpeg","width":1600,"height":1055,"caption":"YouTour"},"image":{"@id":"https:\/\/youtour.ro\/ro\/#\/schema\/logo\/image\/"},"sameAs":["https:\/\/www.facebook.com\/youtour.ro","https:\/\/www.instagram.com\/youtour2\/","https:\/\/www.youtube.com\/channel\/UCH5lYkKBP4cOG0vjHqA8tPw"]}]}},"_links":{"self":[{"href":"https:\/\/youtour.ro\/ro\/wp-json\/wp\/v2\/pages\/496","targetHints":{"allow":["GET"]}}],"collection":[{"href":"https:\/\/youtour.ro\/ro\/wp-json\/wp\/v2\/pages"}],"about":[{"href":"https:\/\/youtour.ro\/ro\/wp-json\/wp\/v2\/types\/page"}],"author":[{"embeddable":true,"href":"https:\/\/youtour.ro\/ro\/wp-json\/wp\/v2\/users\/1"}],"replies":[{"embeddable":true,"href":"https:\/\/youtour.ro\/ro\/wp-json\/wp\/v2\/comments?post=496"}],"version-history":[{"count":3,"href":"https:\/\/youtour.ro\/ro\/wp-json\/wp\/v2\/pages\/496\/revisions"}],"predecessor-version":[{"id":526,"href":"https:\/\/youtour.ro\/ro\/wp-json\/wp\/v2\/pages\/496\/revisions\/526"}],"wp:featuredmedia":[{"embeddable":true,"href":"https:\/\/youtour.ro\/ro\/wp-json\/wp\/v2\/media\/524"}],"wp:attachment":[{"href":"https:\/\/youtour.ro\/ro\/wp-json\/wp\/v2\/media?parent=496"}],"curies":[{"name":"wp","href":"https:\/\/api.w.org\/{rel}","templated":true}]}}