{"id":93,"date":"2021-02-12T00:15:51","date_gmt":"2021-02-12T00:15:51","guid":{"rendered":"https:\/\/youtour.ro\/?page_id=93"},"modified":"2021-03-02T00:13:21","modified_gmt":"2021-03-01T22:13:21","slug":"discover-craiova","status":"publish","type":"page","link":"https:\/\/youtour.ro\/ro\/discover-craiova\/","title":{"rendered":"Discover Craiova"},"content":{"rendered":"\n<p>Discover Craiova este un proiect creat special pentru a promova capitala regiunii istorice Oltenia. Din p\u0103cate, frumuse\u021bea Cet\u0103\u021bii Banilor nu este cunoscut\u0103 \u00een Rom\u00e2nia \u0219i \u00een afara \u021b\u0103rii la nivelul la care merit\u0103, iar noi \u00eencerc\u0103m s\u0103 contur\u0103m imaginea unui ora\u0219 care poate deveni o destina\u021bie de city-break pentru turi\u0219tii str\u0103ini \u0219i pentru locuitorii altor localit\u0103\u021bi din Rom\u00e2nia. <\/p>\n\n\n\n<p>De la frumuse\u021bea Parcului Romanescu la arhitectura Muzeului de Art\u0103 \u0219i p\u00e2n\u0103 la vibrantul Centru Istoric, Craiova are un poten\u021bial fantastic pentru turi\u0219tii care \u00ee\u0219i doresc o escapad\u0103 de c\u00e2teva zile. Ei se vor afla la c\u00e2\u021biva pa\u0219i de meleagurile natale ale marelui Br\u00e2ncu\u0219i, de frumuse\u021bea Defileului Dun\u0103rii \u0219i de tradi\u021biile din satele montane ale Olteniei. <\/p>\n\n\n\n<p>Toate informa\u021biile postate pe pagina de Facebook&nbsp;<a href=\"https:\/\/www.facebook.com\/Discover-Craiova-536649937248484\">Discover Craiova<\/a>&nbsp;\u0219i pagina de Instagram <a href=\"https:\/\/www.instagram.com\/discovercraiova2\/\">Discover Craiova<\/a> sunt redactate \u00een limba englez\u0103 \u0219i sunt promovate \u00een grupurile de turism din Rom\u00e2nia \u0219i str\u0103in\u0103tate, cu scopul de a atrage c\u00e2t mai mul\u021bi vizitatori \u00een Craiova. V\u0103 invit\u0103m s\u0103 ne urm\u0103ri\u021bi \u0219i s\u0103 ne sus\u021bine\u021bi cu un share!<\/p>\n","protected":false},"excerpt":{"rendered":"<p>Discover Craiova este un proiect creat special pentru a promova capitala regiunii istorice Oltenia. Din p\u0103cate, frumuse\u021bea Cet\u0103\u021bii Banilor nu este cunoscut\u0103 \u00een Rom\u00e2nia \u0219i \u00een afara \u021b\u0103rii la nivelul la care<a class=\"moretag\" href=\"https:\/\/youtour.ro\/ro\/discover-craiova\/\">Read More&#8230;<\/a><\/p>\n","protected":false},"author":1,"featured_media":275,"parent":0,"menu_order":0,"comment_status":"closed","ping_status":"closed","template":"","meta":{"footnotes":""},"class_list":["post-93","page","type-page","status-publish","has-post-thumbnail","hentry"],"yoast_head":"<!-- This site is optimized with the Yoast SEO plugin v24.9 - https:\/\/yoast.com\/wordpress\/plugins\/seo\/ -->\n<title>Discover Craiova - YouTour<\/title>\n<meta name=\"robots\" content=\"index, follow, max-snippet:-1, max-image-preview:large, max-video-preview:-1\" \/>\n<link rel=\"canonical\" href=\"https:\/\/youtour.ro\/ro\/discover-craiova\/\" \/>\n<meta property=\"og:locale\" content=\"ro_RO\" \/>\n<meta property=\"og:type\" content=\"article\" \/>\n<meta property=\"og:title\" content=\"Discover Craiova - YouTour\" \/>\n<meta property=\"og:description\" content=\"Discover Craiova este un proiect creat special pentru a promova capitala regiunii istorice Oltenia. Din p\u0103cate, frumuse\u021bea Cet\u0103\u021bii Banilor nu este cunoscut\u0103 \u00een Rom\u00e2nia \u0219i \u00een afara \u021b\u0103rii la nivelul la careRead More...\" \/>\n<meta property=\"og:url\" content=\"https:\/\/youtour.ro\/ro\/discover-craiova\/\" \/>\n<meta property=\"og:site_name\" content=\"YouTour\" \/>\n<meta property=\"article:publisher\" content=\"https:\/\/www.facebook.com\/youtour.ro\" \/>\n<meta property=\"article:modified_time\" content=\"2021-03-01T22:13:21+00:00\" \/>\n<meta property=\"og:image\" content=\"https:\/\/youtour.ro\/wp-content\/uploads\/2021\/03\/Prefectura-jpg.jpg\" \/>\n\t<meta property=\"og:image:width\" content=\"2144\" \/>\n\t<meta property=\"og:image:height\" content=\"1120\" \/>\n\t<meta property=\"og:image:type\" content=\"image\/jpeg\" \/>\n<meta name=\"twitter:card\" content=\"summary_large_image\" \/>\n<meta name=\"twitter:label1\" content=\"Timp estimat pentru citire\" \/>\n\t<meta name=\"twitter:data1\" content=\"1 minut\" \/>\n<script type=\"application\/ld+json\" class=\"yoast-schema-graph\">{\"@context\":\"https:\/\/schema.org\",\"@graph\":[{\"@type\":\"WebPage\",\"@id\":\"https:\/\/youtour.ro\/ro\/discover-craiova\/\",\"url\":\"https:\/\/youtour.ro\/ro\/discover-craiova\/\",\"name\":\"Discover Craiova - YouTour\",\"isPartOf\":{\"@id\":\"https:\/\/youtour.ro\/ro\/#website\"},\"primaryImageOfPage\":{\"@id\":\"https:\/\/youtour.ro\/ro\/discover-craiova\/#primaryimage\"},\"image\":{\"@id\":\"https:\/\/youtour.ro\/ro\/discover-craiova\/#primaryimage\"},\"thumbnailUrl\":\"https:\/\/youtour.ro\/wp-content\/uploads\/2021\/03\/Prefectura-jpg.jpg\",\"datePublished\":\"2021-02-12T00:15:51+00:00\",\"dateModified\":\"2021-03-01T22:13:21+00:00\",\"breadcrumb\":{\"@id\":\"https:\/\/youtour.ro\/ro\/discover-craiova\/#breadcrumb\"},\"inLanguage\":\"ro-RO\",\"potentialAction\":[{\"@type\":\"ReadAction\",\"target\":[\"https:\/\/youtour.ro\/ro\/discover-craiova\/\"]}]},{\"@type\":\"ImageObject\",\"inLanguage\":\"ro-RO\",\"@id\":\"https:\/\/youtour.ro\/ro\/discover-craiova\/#primaryimage\",\"url\":\"https:\/\/youtour.ro\/wp-content\/uploads\/2021\/03\/Prefectura-jpg.jpg\",\"contentUrl\":\"https:\/\/youtour.ro\/wp-content\/uploads\/2021\/03\/Prefectura-jpg.jpg\",\"width\":2144,\"height\":1120},{\"@type\":\"BreadcrumbList\",\"@id\":\"https:\/\/youtour.ro\/ro\/discover-craiova\/#breadcrumb\",\"itemListElement\":[{\"@type\":\"ListItem\",\"position\":1,\"name\":\"Prima pagin\u0103\",\"item\":\"https:\/\/youtour.ro\/ro\/\"},{\"@type\":\"ListItem\",\"position\":2,\"name\":\"Discover Craiova\"}]},{\"@type\":\"WebSite\",\"@id\":\"https:\/\/youtour.ro\/ro\/#website\",\"url\":\"https:\/\/youtour.ro\/ro\/\",\"name\":\"YouTour\",\"description\":\"Travel Company\",\"publisher\":{\"@id\":\"https:\/\/youtour.ro\/ro\/#organization\"},\"potentialAction\":[{\"@type\":\"SearchAction\",\"target\":{\"@type\":\"EntryPoint\",\"urlTemplate\":\"https:\/\/youtour.ro\/ro\/?s={search_term_string}\"},\"query-input\":{\"@type\":\"PropertyValueSpecification\",\"valueRequired\":true,\"valueName\":\"search_term_string\"}}],\"inLanguage\":\"ro-RO\"},{\"@type\":\"Organization\",\"@id\":\"https:\/\/youtour.ro\/ro\/#organization\",\"name\":\"YouTour\",\"url\":\"https:\/\/youtour.ro\/ro\/\",\"logo\":{\"@type\":\"ImageObject\",\"inLanguage\":\"ro-RO\",\"@id\":\"https:\/\/youtour.ro\/ro\/#\/schema\/logo\/image\/\",\"url\":\"https:\/\/youtour.ro\/wp-content\/uploads\/2021\/02\/making-memories.jpeg\",\"contentUrl\":\"https:\/\/youtour.ro\/wp-content\/uploads\/2021\/02\/making-memories.jpeg\",\"width\":1600,\"height\":1055,\"caption\":\"YouTour\"},\"image\":{\"@id\":\"https:\/\/youtour.ro\/ro\/#\/schema\/logo\/image\/\"},\"sameAs\":[\"https:\/\/www.facebook.com\/youtour.ro\",\"https:\/\/www.instagram.com\/youtour2\/\",\"https:\/\/www.youtube.com\/channel\/UCH5lYkKBP4cOG0vjHqA8tPw\"]}]}<\/script>\n<!-- \/ Yoast SEO plugin. -->","yoast_head_json":{"title":"Discover Craiova - YouTour","robots":{"index":"index","follow":"follow","max-snippet":"max-snippet:-1","max-image-preview":"max-image-preview:large","max-video-preview":"max-video-preview:-1"},"canonical":"https:\/\/youtour.ro\/ro\/discover-craiova\/","og_locale":"ro_RO","og_type":"article","og_title":"Discover Craiova - YouTour","og_description":"Discover Craiova este un proiect creat special pentru a promova capitala regiunii istorice Oltenia. Din p\u0103cate, frumuse\u021bea Cet\u0103\u021bii Banilor nu este cunoscut\u0103 \u00een Rom\u00e2nia \u0219i \u00een afara \u021b\u0103rii la nivelul la careRead More...","og_url":"https:\/\/youtour.ro\/ro\/discover-craiova\/","og_site_name":"YouTour","article_publisher":"https:\/\/www.facebook.com\/youtour.ro","article_modified_time":"2021-03-01T22:13:21+00:00","og_image":[{"width":2144,"height":1120,"url":"https:\/\/youtour.ro\/wp-content\/uploads\/2021\/03\/Prefectura-jpg.jpg","type":"image\/jpeg"}],"twitter_card":"summary_large_image","twitter_misc":{"Timp estimat pentru citire":"1 minut"},"schema":{"@context":"https:\/\/schema.org","@graph":[{"@type":"WebPage","@id":"https:\/\/youtour.ro\/ro\/discover-craiova\/","url":"https:\/\/youtour.ro\/ro\/discover-craiova\/","name":"Discover Craiova - YouTour","isPartOf":{"@id":"https:\/\/youtour.ro\/ro\/#website"},"primaryImageOfPage":{"@id":"https:\/\/youtour.ro\/ro\/discover-craiova\/#primaryimage"},"image":{"@id":"https:\/\/youtour.ro\/ro\/discover-craiova\/#primaryimage"},"thumbnailUrl":"https:\/\/youtour.ro\/wp-content\/uploads\/2021\/03\/Prefectura-jpg.jpg","datePublished":"2021-02-12T00:15:51+00:00","dateModified":"2021-03-01T22:13:21+00:00","breadcrumb":{"@id":"https:\/\/youtour.ro\/ro\/discover-craiova\/#breadcrumb"},"inLanguage":"ro-RO","potentialAction":[{"@type":"ReadAction","target":["https:\/\/youtour.ro\/ro\/discover-craiova\/"]}]},{"@type":"ImageObject","inLanguage":"ro-RO","@id":"https:\/\/youtour.ro\/ro\/discover-craiova\/#primaryimage","url":"https:\/\/youtour.ro\/wp-content\/uploads\/2021\/03\/Prefectura-jpg.jpg","contentUrl":"https:\/\/youtour.ro\/wp-content\/uploads\/2021\/03\/Prefectura-jpg.jpg","width":2144,"height":1120},{"@type":"BreadcrumbList","@id":"https:\/\/youtour.ro\/ro\/discover-craiova\/#breadcrumb","itemListElement":[{"@type":"ListItem","position":1,"name":"Prima pagin\u0103","item":"https:\/\/youtour.ro\/ro\/"},{"@type":"ListItem","position":2,"name":"Discover Craiova"}]},{"@type":"WebSite","@id":"https:\/\/youtour.ro\/ro\/#website","url":"https:\/\/youtour.ro\/ro\/","name":"YouTour","description":"Travel Company","publisher":{"@id":"https:\/\/youtour.ro\/ro\/#organization"},"potentialAction":[{"@type":"SearchAction","target":{"@type":"EntryPoint","urlTemplate":"https:\/\/youtour.ro\/ro\/?s={search_term_string}"},"query-input":{"@type":"PropertyValueSpecification","valueRequired":true,"valueName":"search_term_string"}}],"inLanguage":"ro-RO"},{"@type":"Organization","@id":"https:\/\/youtour.ro\/ro\/#organization","name":"YouTour","url":"https:\/\/youtour.ro\/ro\/","logo":{"@type":"ImageObject","inLanguage":"ro-RO","@id":"https:\/\/youtour.ro\/ro\/#\/schema\/logo\/image\/","url":"https:\/\/youtour.ro\/wp-content\/uploads\/2021\/02\/making-memories.jpeg","contentUrl":"https:\/\/youtour.ro\/wp-content\/uploads\/2021\/02\/making-memories.jpeg","width":1600,"height":1055,"caption":"YouTour"},"image":{"@id":"https:\/\/youtour.ro\/ro\/#\/schema\/logo\/image\/"},"sameAs":["https:\/\/www.facebook.com\/youtour.ro","https:\/\/www.instagram.com\/youtour2\/","https:\/\/www.youtube.com\/channel\/UCH5lYkKBP4cOG0vjHqA8tPw"]}]}},"_links":{"self":[{"href":"https:\/\/youtour.ro\/ro\/wp-json\/wp\/v2\/pages\/93","targetHints":{"allow":["GET"]}}],"collection":[{"href":"https:\/\/youtour.ro\/ro\/wp-json\/wp\/v2\/pages"}],"about":[{"href":"https:\/\/youtour.ro\/ro\/wp-json\/wp\/v2\/types\/page"}],"author":[{"embeddable":true,"href":"https:\/\/youtour.ro\/ro\/wp-json\/wp\/v2\/users\/1"}],"replies":[{"embeddable":true,"href":"https:\/\/youtour.ro\/ro\/wp-json\/wp\/v2\/comments?post=93"}],"version-history":[{"count":14,"href":"https:\/\/youtour.ro\/ro\/wp-json\/wp\/v2\/pages\/93\/revisions"}],"predecessor-version":[{"id":276,"href":"https:\/\/youtour.ro\/ro\/wp-json\/wp\/v2\/pages\/93\/revisions\/276"}],"wp:featuredmedia":[{"embeddable":true,"href":"https:\/\/youtour.ro\/ro\/wp-json\/wp\/v2\/media\/275"}],"wp:attachment":[{"href":"https:\/\/youtour.ro\/ro\/wp-json\/wp\/v2\/media?parent=93"}],"curies":[{"name":"wp","href":"https:\/\/api.w.org\/{rel}","templated":true}]}}